{"id":290,"date":"2025-07-01T15:51:21","date_gmt":"2025-07-01T13:51:21","guid":{"rendered":"https:\/\/vilnil.lt\/cart\/"},"modified":"2025-07-01T15:51:23","modified_gmt":"2025-07-01T13:51:23","slug":"cart","status":"publish","type":"page","link":"https:\/\/vilnil.lt\/en\/cart\/","title":{"rendered":"Cart"},"content":{"rendered":"\n<div data-block-name=\"woocommerce\/cart\" class=\"wp-block-woocommerce-cart alignwide is-loading\">\n<div data-block-name=\"woocommerce\/filled-cart-block\" class=\"wp-block-woocommerce-filled-cart-block\">\n<div data-block-name=\"woocommerce\/cart-items-block\" class=\"wp-block-woocommerce-cart-items-block\">\n<div data-block-name=\"woocommerce\/cart-line-items-block\" class=\"wp-block-woocommerce-cart-line-items-block\"><\/div>\n\n\n\n<div data-block-name=\"woocommerce\/cart-cross-sells-block\" class=\"wp-block-woocommerce-cart-cross-sells-block\">\n<h2 class=\"wp-block-heading has-large-font-size\">Potresti essere interessato anche a\u2026<\/h2>\n\n\n\n<div data-block-name=\"woocommerce\/cart-cross-sells-products-block\" class=\"wp-block-woocommerce-cart-cross-sells-products-block\"><\/div>\n<\/div>\n<\/div>\n\n\n\n<div data-block-name=\"woocommerce\/cart-totals-block\" class=\"wp-block-woocommerce-cart-totals-block\">\n<div data-block-name=\"woocommerce\/cart-order-summary-block\" class=\"wp-block-woocommerce-cart-order-summary-block\">\n<div data-block-name=\"woocommerce\/cart-order-summary-heading-block\" class=\"wp-block-woocommerce-cart-order-summary-heading-block\"><\/div><div data-block-name=\"woocommerce\/cart-order-summary-coupon-form-block\" class=\"wp-block-woocommerce-cart-order-summary-coupon-form-block\"><\/div><div data-block-name=\"woocommerce\/cart-order-summary-totals-block\" class=\"wp-block-woocommerce-cart-order-summary-totals-block\">\n<div data-block-name=\"woocommerce\/cart-order-summary-subtotal-block\" class=\"wp-block-woocommerce-cart-order-summary-subtotal-block\"><\/div>\n<div data-block-name=\"woocommerce\/cart-order-summary-discount-block\" class=\"wp-block-woocommerce-cart-order-summary-discount-block\"><\/div>\n<div data-block-name=\"woocommerce\/cart-order-summary-fee-block\" class=\"wp-block-woocommerce-cart-order-summary-fee-block\"><\/div>\n<div data-block-name=\"woocommerce\/cart-order-summary-shipping-block\" class=\"wp-block-woocommerce-cart-order-summary-shipping-block\"><\/div>\n<div data-block-name=\"woocommerce\/cart-order-summary-taxes-block\" class=\"wp-block-woocommerce-cart-order-summary-taxes-block\"><\/div><\/div>\n<\/div>\n\n\n\n<div data-block-name=\"woocommerce\/cart-express-payment-block\" class=\"wp-block-woocommerce-cart-express-payment-block\"><\/div>\n\n\n\n<div data-block-name=\"woocommerce\/proceed-to-checkout-block\" class=\"wp-block-woocommerce-proceed-to-checkout-block\"><\/div>\n\n\n\n<div data-block-name=\"woocommerce\/cart-accepted-payment-methods-block\" class=\"wp-block-woocommerce-cart-accepted-payment-methods-block\"><\/div>\n<\/div>\n<\/div>\n\n\n\n<div data-block-name=\"woocommerce\/empty-cart-block\" class=\"wp-block-woocommerce-empty-cart-block\">\n<h2 class=\"wp-block-heading has-text-align-center with-empty-cart-icon wc-block-cart__empty-cart__title\">Il tuo carrello \u00e8 attualmente vuoto!<\/h2>\n\n\n\n<hr class=\"wp-block-separator has-alpha-channel-opacity is-style-dots\"\/>\n\n\n\n<h2 class=\"wp-block-heading has-text-align-center\">Novit\u00e0 in negozio<\/h2>\n\n\n<div data-block-name=\"woocommerce\/product-new\" data-columns=\"4\" data-rows=\"1\" class=\"wc-block-grid wp-block-product-new wp-block-woocommerce-product-new wc-block-product-new has-4-columns\"><ul class=\"wc-block-grid__products\"><li class=\"wc-block-grid__product\"><span class=\"gtm4wp_productdata\" style=\"display:none; visibility:hidden;\" data-gtm4wp_product_data=\"{&quot;internal_id&quot;:18388,&quot;item_id&quot;:18388,&quot;item_name&quot;:&quot;Tickets&quot;,&quot;sku&quot;:18388,&quot;price&quot;:5,&quot;stocklevel&quot;:null,&quot;stockstatus&quot;:&quot;instock&quot;,&quot;google_business_vertical&quot;:&quot;retail&quot;,&quot;item_category&quot;:&quot;Senza categoria&quot;,&quot;id&quot;:18388,&quot;productlink&quot;:&quot;https:\\\/\\\/vilnil.lt\\\/en\\\/tickets\\\/entrance-ticket\\\/&quot;,&quot;item_list_name&quot;:&quot;General Product List&quot;,&quot;index&quot;:0,&quot;product_type&quot;:&quot;variable&quot;,&quot;item_brand&quot;:&quot;&quot;}\"><\/span>\n\t\t\t\t<a href=\"https:\/\/vilnil.lt\/en\/tickets\/entrance-ticket\/\" class=\"wc-block-grid__product-link\">\n\t\t\t\t\t\n\t\t\t\t\t<div class=\"wc-block-grid__product-image\"><img loading=\"lazy\" decoding=\"async\" width=\"300\" height=\"300\" src=\"https:\/\/vilnil.lt\/wp-content\/uploads\/woocommerce-placeholder.webp\" class=\"woocommerce-placeholder wp-post-image\" alt=\"\" srcset=\"https:\/\/vilnil.lt\/wp-content\/uploads\/woocommerce-placeholder.webp 1200w, https:\/\/vilnil.lt\/wp-content\/uploads\/woocommerce-placeholder-300x300.webp 300w, https:\/\/vilnil.lt\/wp-content\/uploads\/woocommerce-placeholder-1024x1024.webp 1024w, https:\/\/vilnil.lt\/wp-content\/uploads\/woocommerce-placeholder-150x150.webp 150w, https:\/\/vilnil.lt\/wp-content\/uploads\/woocommerce-placeholder-768x768.webp 768w\" sizes=\"auto, (max-width: 300px) 100vw, 300px\" \/><\/div>\n\t\t\t\t\t<div class=\"wc-block-grid__product-title\">Tickets<\/div>\n\t\t\t\t<\/a>\n\t\t\t\t<div class=\"wc-block-grid__product-price price\"><span class=\"woocommerce-Price-amount amount\" aria-hidden=\"true\">5,00&nbsp;<span class=\"woocommerce-Price-currencySymbol\">&euro;<\/span><\/span> <span aria-hidden=\"true\">&ndash;<\/span> <span class=\"woocommerce-Price-amount amount\" aria-hidden=\"true\">45,00&nbsp;<span class=\"woocommerce-Price-currencySymbol\">&euro;<\/span><\/span><span class=\"screen-reader-text\">Price range: 5,00&nbsp;&euro; through 45,00&nbsp;&euro;<\/span><\/div>\n\t\t\t\t\n\t\t\t\t<div class=\"wp-block-button wc-block-grid__product-add-to-cart\"><a href=\"https:\/\/vilnil.lt\/en\/tickets\/entrance-ticket\/\" aria-label=\"Select options for &ldquo;Tickets&rdquo;\" data-quantity=\"1\" data-product_id=\"18388\" data-product_sku=\"\" data-price=\"5\" rel=\"nofollow\" class=\"wp-block-button__link  add_to_cart_button\">Select options<\/a><\/div>\n\t\t\t<\/li><li class=\"wc-block-grid__product\"><span class=\"gtm4wp_productdata\" style=\"display:none; visibility:hidden;\" data-gtm4wp_product_data=\"{&quot;internal_id&quot;:18330,&quot;item_id&quot;:18330,&quot;item_name&quot;:&quot;Gift Tickets&quot;,&quot;sku&quot;:18330,&quot;price&quot;:5,&quot;stocklevel&quot;:null,&quot;stockstatus&quot;:&quot;instock&quot;,&quot;google_business_vertical&quot;:&quot;retail&quot;,&quot;item_category&quot;:&quot;Senza categoria&quot;,&quot;id&quot;:18330,&quot;productlink&quot;:&quot;https:\\\/\\\/vilnil.lt\\\/en\\\/tickets\\\/gift\\\/&quot;,&quot;item_list_name&quot;:&quot;General Product List&quot;,&quot;index&quot;:0,&quot;product_type&quot;:&quot;variable&quot;,&quot;item_brand&quot;:&quot;&quot;}\"><\/span>\n\t\t\t\t<a href=\"https:\/\/vilnil.lt\/en\/tickets\/gift\/\" class=\"wc-block-grid__product-link\">\n\t\t\t\t\t\n\t\t\t\t\t<div class=\"wc-block-grid__product-image\"><img loading=\"lazy\" decoding=\"async\" width=\"300\" height=\"300\" src=\"https:\/\/vilnil.lt\/wp-content\/uploads\/2025\/06\/99-300x300.jpg\" class=\"attachment-woocommerce_thumbnail size-woocommerce_thumbnail\" alt=\"Gift Tickets\" srcset=\"https:\/\/vilnil.lt\/wp-content\/uploads\/2025\/06\/99-300x300.jpg 300w, https:\/\/vilnil.lt\/wp-content\/uploads\/2025\/06\/99-150x150.jpg 150w, https:\/\/vilnil.lt\/wp-content\/uploads\/2025\/06\/99-100x100.jpg 100w\" sizes=\"auto, (max-width: 300px) 100vw, 300px\" \/><\/div>\n\t\t\t\t\t<div class=\"wc-block-grid__product-title\">Gift Tickets<\/div>\n\t\t\t\t<\/a>\n\t\t\t\t<div class=\"wc-block-grid__product-price price\"><span class=\"woocommerce-Price-amount amount\" aria-hidden=\"true\">5,00&nbsp;<span class=\"woocommerce-Price-currencySymbol\">&euro;<\/span><\/span> <span aria-hidden=\"true\">&ndash;<\/span> <span class=\"woocommerce-Price-amount amount\" aria-hidden=\"true\">45,00&nbsp;<span class=\"woocommerce-Price-currencySymbol\">&euro;<\/span><\/span><span class=\"screen-reader-text\">Price range: 5,00&nbsp;&euro; through 45,00&nbsp;&euro;<\/span><\/div>\n\t\t\t\t\n\t\t\t\t<div class=\"wp-block-button wc-block-grid__product-add-to-cart\"><a href=\"https:\/\/vilnil.lt\/en\/tickets\/gift\/\" aria-label=\"Select options for &ldquo;Gift Tickets&rdquo;\" data-quantity=\"1\" data-product_id=\"18330\" data-product_sku=\"\" data-price=\"5\" rel=\"nofollow\" class=\"wp-block-button__link  add_to_cart_button\">Select options<\/a><\/div>\n\t\t\t<\/li><\/ul><\/div><\/div>\n<\/div>\n","protected":false},"excerpt":{"rendered":"","protected":false},"author":1,"featured_media":0,"parent":0,"menu_order":0,"comment_status":"closed","ping_status":"closed","template":"","meta":{"_acf_changed":false,"inline_featured_image":false,"footnotes":""},"class_list":["post-290","page","type-page","status-publish","hentry"],"acf":[],"yoast_head":"<!-- This site is optimized with the Yoast SEO plugin v27.0 - https:\/\/yoast.com\/product\/yoast-seo-wordpress\/ -->\n<title>Cart - VILNIL \u2014 Iliuzij\u0173 muziejus, Vilnius<\/title>\n<meta name=\"robots\" content=\"index, follow, max-snippet:-1, max-image-preview:large, max-video-preview:-1\" \/>\n<link rel=\"canonical\" href=\"https:\/\/vilnil.lt\/en\/cart\/\" \/>\n<meta property=\"og:locale\" content=\"en_US\" \/>\n<meta property=\"og:type\" content=\"article\" \/>\n<meta property=\"og:title\" content=\"Cart - VILNIL \u2014 Iliuzij\u0173 muziejus, Vilnius\" \/>\n<meta property=\"og:url\" content=\"https:\/\/vilnil.lt\/en\/cart\/\" \/>\n<meta property=\"og:site_name\" content=\"VILNIL \u2014 Iliuzij\u0173 muziejus, Vilnius\" \/>\n<meta property=\"article:modified_time\" content=\"2025-07-01T13:51:23+00:00\" \/>\n<meta name=\"twitter:card\" content=\"summary_large_image\" \/>\n<script type=\"application\/ld+json\" class=\"yoast-schema-graph\">{\"@context\":\"https:\/\/schema.org\",\"@graph\":[{\"@type\":\"WebPage\",\"@id\":\"https:\/\/vilnil.lt\/en\/cart\/\",\"url\":\"https:\/\/vilnil.lt\/en\/cart\/\",\"name\":\"Cart - VILNIL \u2014 Iliuzij\u0173 muziejus, Vilnius\",\"isPartOf\":{\"@id\":\"https:\/\/vilnil.lt\/en\/#website\"},\"datePublished\":\"2025-07-01T13:51:21+00:00\",\"dateModified\":\"2025-07-01T13:51:23+00:00\",\"breadcrumb\":{\"@id\":\"https:\/\/vilnil.lt\/en\/cart\/#breadcrumb\"},\"inLanguage\":\"en-US\",\"potentialAction\":[{\"@type\":\"ReadAction\",\"target\":[\"https:\/\/vilnil.lt\/en\/cart\/\"]}]},{\"@type\":\"BreadcrumbList\",\"@id\":\"https:\/\/vilnil.lt\/en\/cart\/#breadcrumb\",\"itemListElement\":[{\"@type\":\"ListItem\",\"position\":1,\"name\":\"Home\",\"item\":\"https:\/\/vilnil.lt\/en\/\"},{\"@type\":\"ListItem\",\"position\":2,\"name\":\"Cart\"}]},{\"@type\":\"WebSite\",\"@id\":\"https:\/\/vilnil.lt\/en\/#website\",\"url\":\"https:\/\/vilnil.lt\/en\/\",\"name\":\"VILNIL \u2014 Iliuzij\u0173 muziejus, Vilnius\",\"description\":\"Viliojantis. Paslaptingas. Nepaprastai stebinantis. Sveiki atvyk\u0119 \u012f istorin\u0119 erdv\u0119, kupin\u0105 jaudinan\u010di\u0173 iliuzij\u0173, puikios atmosferos ir besi\u0161ypsan\u010di\u0173 muziejaus darbuotoj\u0173.\",\"potentialAction\":[{\"@type\":\"SearchAction\",\"target\":{\"@type\":\"EntryPoint\",\"urlTemplate\":\"https:\/\/vilnil.lt\/en\/?s={search_term_string}\"},\"query-input\":{\"@type\":\"PropertyValueSpecification\",\"valueRequired\":true,\"valueName\":\"search_term_string\"}}],\"inLanguage\":\"en-US\"}]}<\/script>\n<!-- \/ Yoast SEO plugin. -->","yoast_head_json":{"title":"Cart - VILNIL \u2014 Iliuzij\u0173 muziejus, Vilnius","robots":{"index":"index","follow":"follow","max-snippet":"max-snippet:-1","max-image-preview":"max-image-preview:large","max-video-preview":"max-video-preview:-1"},"canonical":"https:\/\/vilnil.lt\/en\/cart\/","og_locale":"en_US","og_type":"article","og_title":"Cart - VILNIL \u2014 Iliuzij\u0173 muziejus, Vilnius","og_url":"https:\/\/vilnil.lt\/en\/cart\/","og_site_name":"VILNIL \u2014 Iliuzij\u0173 muziejus, Vilnius","article_modified_time":"2025-07-01T13:51:23+00:00","twitter_card":"summary_large_image","schema":{"@context":"https:\/\/schema.org","@graph":[{"@type":"WebPage","@id":"https:\/\/vilnil.lt\/en\/cart\/","url":"https:\/\/vilnil.lt\/en\/cart\/","name":"Cart - VILNIL \u2014 Iliuzij\u0173 muziejus, Vilnius","isPartOf":{"@id":"https:\/\/vilnil.lt\/en\/#website"},"datePublished":"2025-07-01T13:51:21+00:00","dateModified":"2025-07-01T13:51:23+00:00","breadcrumb":{"@id":"https:\/\/vilnil.lt\/en\/cart\/#breadcrumb"},"inLanguage":"en-US","potentialAction":[{"@type":"ReadAction","target":["https:\/\/vilnil.lt\/en\/cart\/"]}]},{"@type":"BreadcrumbList","@id":"https:\/\/vilnil.lt\/en\/cart\/#breadcrumb","itemListElement":[{"@type":"ListItem","position":1,"name":"Home","item":"https:\/\/vilnil.lt\/en\/"},{"@type":"ListItem","position":2,"name":"Cart"}]},{"@type":"WebSite","@id":"https:\/\/vilnil.lt\/en\/#website","url":"https:\/\/vilnil.lt\/en\/","name":"VILNIL \u2014 Iliuzij\u0173 muziejus, Vilnius","description":"Viliojantis. Paslaptingas. Nepaprastai stebinantis. Sveiki atvyk\u0119 \u012f istorin\u0119 erdv\u0119, kupin\u0105 jaudinan\u010di\u0173 iliuzij\u0173, puikios atmosferos ir besi\u0161ypsan\u010di\u0173 muziejaus darbuotoj\u0173.","potentialAction":[{"@type":"SearchAction","target":{"@type":"EntryPoint","urlTemplate":"https:\/\/vilnil.lt\/en\/?s={search_term_string}"},"query-input":{"@type":"PropertyValueSpecification","valueRequired":true,"valueName":"search_term_string"}}],"inLanguage":"en-US"}]}},"_links":{"self":[{"href":"https:\/\/vilnil.lt\/en\/wp-json\/wp\/v2\/pages\/290","targetHints":{"allow":["GET"]}}],"collection":[{"href":"https:\/\/vilnil.lt\/en\/wp-json\/wp\/v2\/pages"}],"about":[{"href":"https:\/\/vilnil.lt\/en\/wp-json\/wp\/v2\/types\/page"}],"author":[{"embeddable":true,"href":"https:\/\/vilnil.lt\/en\/wp-json\/wp\/v2\/users\/1"}],"replies":[{"embeddable":true,"href":"https:\/\/vilnil.lt\/en\/wp-json\/wp\/v2\/comments?post=290"}],"version-history":[{"count":0,"href":"https:\/\/vilnil.lt\/en\/wp-json\/wp\/v2\/pages\/290\/revisions"}],"wp:attachment":[{"href":"https:\/\/vilnil.lt\/en\/wp-json\/wp\/v2\/media?parent=290"}],"curies":[{"name":"wp","href":"https:\/\/api.w.org\/{rel}","templated":true}]}}