{"id":648,"date":"2025-05-13T11:31:00","date_gmt":"2025-05-13T09:31:00","guid":{"rendered":"https:\/\/vilnil.lt\/cassa\/"},"modified":"2025-08-01T10:14:01","modified_gmt":"2025-08-01T08:14:01","slug":"cassa","status":"publish","type":"page","link":"https:\/\/vilnil.lt\/en\/cassa\/","title":{"rendered":"Cassa"},"content":{"rendered":"<div data-block-name=\"woocommerce\/classic-shortcode\" data-shortcode=\"checkout\" class=\"woocommerce wp-block-group alignwide\"><div class=\"woocommerce-notices-wrapper\"><\/div><\/div>","protected":false},"excerpt":{"rendered":"","protected":false},"author":1,"featured_media":0,"parent":0,"menu_order":0,"comment_status":"closed","ping_status":"closed","template":"","meta":{"_acf_changed":false,"inline_featured_image":false,"footnotes":""},"class_list":["post-648","page","type-page","status-publish","hentry"],"acf":[],"yoast_head":"<!-- This site is optimized with the Yoast SEO plugin v27.0 - https:\/\/yoast.com\/product\/yoast-seo-wordpress\/ -->\n<title>Cassa - VILNIL \u2014 Iliuzij\u0173 muziejus, Vilnius<\/title>\n<meta name=\"robots\" content=\"index, follow, max-snippet:-1, max-image-preview:large, max-video-preview:-1\" \/>\n<link rel=\"canonical\" href=\"https:\/\/vilnil.lt\/en\/cassa\/\" \/>\n<meta property=\"og:locale\" content=\"en_US\" \/>\n<meta property=\"og:type\" content=\"article\" \/>\n<meta property=\"og:title\" content=\"Cassa - VILNIL \u2014 Iliuzij\u0173 muziejus, Vilnius\" \/>\n<meta property=\"og:url\" content=\"https:\/\/vilnil.lt\/en\/cassa\/\" \/>\n<meta property=\"og:site_name\" content=\"VILNIL \u2014 Iliuzij\u0173 muziejus, Vilnius\" \/>\n<meta property=\"article:modified_time\" content=\"2025-08-01T08:14:01+00:00\" \/>\n<meta name=\"twitter:card\" content=\"summary_large_image\" \/>\n<script type=\"application\/ld+json\" class=\"yoast-schema-graph\">{\"@context\":\"https:\/\/schema.org\",\"@graph\":[{\"@type\":\"WebPage\",\"@id\":\"https:\/\/vilnil.lt\/en\/cassa\/\",\"url\":\"https:\/\/vilnil.lt\/en\/cassa\/\",\"name\":\"Cassa - VILNIL \u2014 Iliuzij\u0173 muziejus, Vilnius\",\"isPartOf\":{\"@id\":\"https:\/\/vilnil.lt\/en\/#website\"},\"datePublished\":\"2025-05-13T09:31:00+00:00\",\"dateModified\":\"2025-08-01T08:14:01+00:00\",\"breadcrumb\":{\"@id\":\"https:\/\/vilnil.lt\/en\/cassa\/#breadcrumb\"},\"inLanguage\":\"en-US\",\"potentialAction\":[{\"@type\":\"ReadAction\",\"target\":[\"https:\/\/vilnil.lt\/en\/cassa\/\"]}]},{\"@type\":\"BreadcrumbList\",\"@id\":\"https:\/\/vilnil.lt\/en\/cassa\/#breadcrumb\",\"itemListElement\":[{\"@type\":\"ListItem\",\"position\":1,\"name\":\"Home\",\"item\":\"https:\/\/vilnil.lt\/en\/\"},{\"@type\":\"ListItem\",\"position\":2,\"name\":\"Cassa\"}]},{\"@type\":\"WebSite\",\"@id\":\"https:\/\/vilnil.lt\/en\/#website\",\"url\":\"https:\/\/vilnil.lt\/en\/\",\"name\":\"VILNIL \u2014 Iliuzij\u0173 muziejus, Vilnius\",\"description\":\"Viliojantis. Paslaptingas. Nepaprastai stebinantis. Sveiki atvyk\u0119 \u012f istorin\u0119 erdv\u0119, kupin\u0105 jaudinan\u010di\u0173 iliuzij\u0173, puikios atmosferos ir besi\u0161ypsan\u010di\u0173 muziejaus darbuotoj\u0173.\",\"potentialAction\":[{\"@type\":\"SearchAction\",\"target\":{\"@type\":\"EntryPoint\",\"urlTemplate\":\"https:\/\/vilnil.lt\/en\/?s={search_term_string}\"},\"query-input\":{\"@type\":\"PropertyValueSpecification\",\"valueRequired\":true,\"valueName\":\"search_term_string\"}}],\"inLanguage\":\"en-US\"}]}<\/script>\n<!-- \/ Yoast SEO plugin. -->","yoast_head_json":{"title":"Cassa - VILNIL \u2014 Iliuzij\u0173 muziejus, Vilnius","robots":{"index":"index","follow":"follow","max-snippet":"max-snippet:-1","max-image-preview":"max-image-preview:large","max-video-preview":"max-video-preview:-1"},"canonical":"https:\/\/vilnil.lt\/en\/cassa\/","og_locale":"en_US","og_type":"article","og_title":"Cassa - VILNIL \u2014 Iliuzij\u0173 muziejus, Vilnius","og_url":"https:\/\/vilnil.lt\/en\/cassa\/","og_site_name":"VILNIL \u2014 Iliuzij\u0173 muziejus, Vilnius","article_modified_time":"2025-08-01T08:14:01+00:00","twitter_card":"summary_large_image","schema":{"@context":"https:\/\/schema.org","@graph":[{"@type":"WebPage","@id":"https:\/\/vilnil.lt\/en\/cassa\/","url":"https:\/\/vilnil.lt\/en\/cassa\/","name":"Cassa - VILNIL \u2014 Iliuzij\u0173 muziejus, Vilnius","isPartOf":{"@id":"https:\/\/vilnil.lt\/en\/#website"},"datePublished":"2025-05-13T09:31:00+00:00","dateModified":"2025-08-01T08:14:01+00:00","breadcrumb":{"@id":"https:\/\/vilnil.lt\/en\/cassa\/#breadcrumb"},"inLanguage":"en-US","potentialAction":[{"@type":"ReadAction","target":["https:\/\/vilnil.lt\/en\/cassa\/"]}]},{"@type":"BreadcrumbList","@id":"https:\/\/vilnil.lt\/en\/cassa\/#breadcrumb","itemListElement":[{"@type":"ListItem","position":1,"name":"Home","item":"https:\/\/vilnil.lt\/en\/"},{"@type":"ListItem","position":2,"name":"Cassa"}]},{"@type":"WebSite","@id":"https:\/\/vilnil.lt\/en\/#website","url":"https:\/\/vilnil.lt\/en\/","name":"VILNIL \u2014 Iliuzij\u0173 muziejus, Vilnius","description":"Viliojantis. Paslaptingas. Nepaprastai stebinantis. Sveiki atvyk\u0119 \u012f istorin\u0119 erdv\u0119, kupin\u0105 jaudinan\u010di\u0173 iliuzij\u0173, puikios atmosferos ir besi\u0161ypsan\u010di\u0173 muziejaus darbuotoj\u0173.","potentialAction":[{"@type":"SearchAction","target":{"@type":"EntryPoint","urlTemplate":"https:\/\/vilnil.lt\/en\/?s={search_term_string}"},"query-input":{"@type":"PropertyValueSpecification","valueRequired":true,"valueName":"search_term_string"}}],"inLanguage":"en-US"}]}},"_links":{"self":[{"href":"https:\/\/vilnil.lt\/en\/wp-json\/wp\/v2\/pages\/648","targetHints":{"allow":["GET"]}}],"collection":[{"href":"https:\/\/vilnil.lt\/en\/wp-json\/wp\/v2\/pages"}],"about":[{"href":"https:\/\/vilnil.lt\/en\/wp-json\/wp\/v2\/types\/page"}],"author":[{"embeddable":true,"href":"https:\/\/vilnil.lt\/en\/wp-json\/wp\/v2\/users\/1"}],"replies":[{"embeddable":true,"href":"https:\/\/vilnil.lt\/en\/wp-json\/wp\/v2\/comments?post=648"}],"version-history":[{"count":1,"href":"https:\/\/vilnil.lt\/en\/wp-json\/wp\/v2\/pages\/648\/revisions"}],"predecessor-version":[{"id":649,"href":"https:\/\/vilnil.lt\/en\/wp-json\/wp\/v2\/pages\/648\/revisions\/649"}],"wp:attachment":[{"href":"https:\/\/vilnil.lt\/en\/wp-json\/wp\/v2\/media?parent=648"}],"curies":[{"name":"wp","href":"https:\/\/api.w.org\/{rel}","templated":true}]}}