{"id":91,"date":"2025-05-27T09:49:48","date_gmt":"2025-05-27T07:49:48","guid":{"rendered":"https:\/\/vilnil.lt\/?page_id=91"},"modified":"2026-02-09T16:07:10","modified_gmt":"2026-02-09T14:07:10","slug":"faq","status":"publish","type":"page","link":"https:\/\/vilnil.lt\/en\/faq\/","title":{"rendered":"FAQ"},"content":{"rendered":"\n<section  class=\"faq-block faq-block-block_c09952706830ed9e18c44f56b5bfcc25\" >\n  <div class=\"container\">\n    <div class=\"faq-block__wrap\">\n      <div class=\"row\">\n        <div class=\"col-xxl-4 col-xl-5 col-lg-6\">\n          <h1>Frequently  asked  questions<\/h1>\n        <\/div>\n        <div class=\"col-xxl-8 col-xl-7 col-lg-6\">\n                      <div class=\"faq-block__list\">\n                              <div class=\"faq-block__item\">\n                                      <div class=\"faq-block__question\">How to get to the museum?<\/div>\n                                                        <div class=\"faq-block__answer\"><p><span data-sheets-root=\"1\">The museum is located at Vokie\u010di\u0173 st. 8, in Vilnius. The best way to reach the museum is by public transport (bus), the nearest stop is Vingri\u0173.<\/span><\/p>\n<\/div>\n                                  <\/div>\n                              <div class=\"faq-block__item\">\n                                      <div class=\"faq-block__question\">How long does it take to visit the museum?<\/div>\n                                                        <div class=\"faq-block__answer\"><p><span data-sheets-root=\"1\">A typical visit takes about one to one and a half hours.<\/span><\/p>\n<\/div>\n                                  <\/div>\n                              <div class=\"faq-block__item\">\n                                      <div class=\"faq-block__question\">How much does a ticket cost?<\/div>\n                                                        <div class=\"faq-block__answer\"><p><span data-sheets-root=\"1\">You can find ticket prices on our website.<\/span><\/p>\n<\/div>\n                                  <\/div>\n                              <div class=\"faq-block__item\">\n                                      <div class=\"faq-block__question\">Who is the museum for?<\/div>\n                                                        <div class=\"faq-block__answer\"><p><span data-sheets-root=\"1\">The museum is suitable for all ages, offering something interesting for both adults and children.<\/span><\/p>\n<\/div>\n                                  <\/div>\n                              <div class=\"faq-block__item\">\n                                      <div class=\"faq-block__question\">Is the museum suitable for children?<\/div>\n                                                        <div class=\"faq-block__answer\"><p><span data-sheets-root=\"1\">Yes, children will enjoy the museum, with many educational and interactive exhibits.<\/span><\/p>\n<\/div>\n                                  <\/div>\n                              <div class=\"faq-block__item\">\n                                      <div class=\"faq-block__question\">Are there discounts for residents?<\/div>\n                                                        <div class=\"faq-block__answer\"><p><span data-sheets-root=\"1\">We do not offer discounts for residents at the time.<\/span><\/p>\n<\/div>\n                                  <\/div>\n                              <div class=\"faq-block__item\">\n                                      <div class=\"faq-block__question\">Do I need to reserve tickets?<\/div>\n                                                        <div class=\"faq-block__answer\"><p><span data-sheets-root=\"1\">Reservations are only required for groups of 10 or more people.<\/span><\/p>\n<\/div>\n                                  <\/div>\n                              <div class=\"faq-block__item\">\n                                      <div class=\"faq-block__question\">Is there parking available?<\/div>\n                                                        <div class=\"faq-block__answer\"><p><span data-sheets-root=\"1\">The museum doesn\u2019t have its own parking lot, but you can park in paid parking areas nearby.<\/span><\/p>\n<\/div>\n                                  <\/div>\n                              <div class=\"faq-block__item\">\n                                      <div class=\"faq-block__question\">Is the museum open on Mondays?<\/div>\n                                                        <div class=\"faq-block__answer\"><p><span data-sheets-root=\"1\">Yes, the museum is open every day.<\/span><\/p>\n<\/div>\n                                  <\/div>\n                              <div class=\"faq-block__item\">\n                                      <div class=\"faq-block__question\">Is it possible to enter with a stroller or a wheelchair?<\/div>\n                                                        <div class=\"faq-block__answer\"><p><span data-sheets-root=\"1\">Due to the historic premises of the museum not all parts of the exhibition are stroller or wheelchir accessible. In such cases guests are invited to explore the first floor of the museum for free.<\/span><\/p>\n<\/div>\n                                  <\/div>\n                              <div class=\"faq-block__item\">\n                                      <div class=\"faq-block__question\">Can I bring my dog?<\/div>\n                                                        <div class=\"faq-block__answer\"><p><span data-sheets-root=\"1\">Yes, the museum is pet-friendly.<\/span><\/p>\n<\/div>\n                                  <\/div>\n                              <div class=\"faq-block__item\">\n                                      <div class=\"faq-block__question\">Are there guides in the museum?<\/div>\n                                                        <div class=\"faq-block__answer\"><p><span data-sheets-root=\"1\">We offer guided tours for groups of 10 or more people. During self-guided visits, our guides are available to answer any questions.<\/span><\/p>\n<\/div>\n                                  <\/div>\n                              <div class=\"faq-block__item\">\n                                      <div class=\"faq-block__question\">Are there any discounts for people with disabilities?<\/div>\n                                                        <div class=\"faq-block__answer\"><p><span data-sheets-root=\"1\">Yes, we offer a 50% discount for people with disabilities.<\/span><\/p>\n<\/div>\n                                  <\/div>\n                              <div class=\"faq-block__item\">\n                                      <div class=\"faq-block__question\">At what age can children visit without adult supervision?<\/div>\n                                                        <div class=\"faq-block__answer\"><p><span data-sheets-root=\"1\">Visitors over 14 years old can come independently. Children under 14 must be accompanied by an adult.<\/span><\/p>\n<\/div>\n                                  <\/div>\n                          <\/div>\n                  <\/div>\n      <\/div>\n    <\/div>\n  <\/div>\n  <style><\/style>\n<\/section>\n","protected":false},"excerpt":{"rendered":"","protected":false},"author":1,"featured_media":0,"parent":0,"menu_order":0,"comment_status":"closed","ping_status":"closed","template":"","meta":{"_acf_changed":false,"inline_featured_image":false,"footnotes":""},"class_list":["post-91","page","type-page","status-publish","hentry"],"acf":[],"yoast_head":"<!-- This site is optimized with the Yoast SEO plugin v27.0 - https:\/\/yoast.com\/product\/yoast-seo-wordpress\/ -->\n<title>FAQ | Visitor info - Museum of illusions Vilnius<\/title>\n<meta name=\"description\" content=\"Got questions? Find everything you need to know about visiting Museum of Illusions Vilnius\u2014 location, hours, ticket prices, guided tours, accessibility &amp; parking\" \/>\n<meta name=\"robots\" content=\"index, follow, max-snippet:-1, max-image-preview:large, max-video-preview:-1\" \/>\n<link rel=\"canonical\" href=\"https:\/\/vilnil.lt\/en\/faq\/\" \/>\n<meta property=\"og:locale\" content=\"en_US\" \/>\n<meta property=\"og:type\" content=\"article\" \/>\n<meta property=\"og:title\" content=\"FAQ | Visitor info - Museum of illusions Vilnius\" \/>\n<meta property=\"og:description\" content=\"Got questions? Find everything you need to know about visiting Museum of Illusions Vilnius\u2014 location, hours, ticket prices, guided tours, accessibility &amp; parking\" \/>\n<meta property=\"og:url\" content=\"https:\/\/vilnil.lt\/en\/faq\/\" \/>\n<meta property=\"og:site_name\" content=\"VILNIL \u2014 Iliuzij\u0173 muziejus, Vilnius\" \/>\n<meta property=\"article:modified_time\" content=\"2026-02-09T14:07:10+00:00\" \/>\n<meta name=\"twitter:card\" content=\"summary_large_image\" \/>\n<script type=\"application\/ld+json\" class=\"yoast-schema-graph\">{\"@context\":\"https:\/\/schema.org\",\"@graph\":[{\"@type\":\"WebPage\",\"@id\":\"https:\/\/vilnil.lt\/en\/faq\/\",\"url\":\"https:\/\/vilnil.lt\/en\/faq\/\",\"name\":\"FAQ | Visitor info - Museum of illusions Vilnius\",\"isPartOf\":{\"@id\":\"https:\/\/vilnil.lt\/en\/#website\"},\"datePublished\":\"2025-05-27T07:49:48+00:00\",\"dateModified\":\"2026-02-09T14:07:10+00:00\",\"description\":\"Got questions? Find everything you need to know about visiting Museum of Illusions Vilnius\u2014 location, hours, ticket prices, guided tours, accessibility & parking\",\"breadcrumb\":{\"@id\":\"https:\/\/vilnil.lt\/en\/faq\/#breadcrumb\"},\"inLanguage\":\"en-US\",\"potentialAction\":[{\"@type\":\"ReadAction\",\"target\":[\"https:\/\/vilnil.lt\/en\/faq\/\"]}]},{\"@type\":\"BreadcrumbList\",\"@id\":\"https:\/\/vilnil.lt\/en\/faq\/#breadcrumb\",\"itemListElement\":[{\"@type\":\"ListItem\",\"position\":1,\"name\":\"Home\",\"item\":\"https:\/\/vilnil.lt\/en\/\"},{\"@type\":\"ListItem\",\"position\":2,\"name\":\"FAQ\"}]},{\"@type\":\"WebSite\",\"@id\":\"https:\/\/vilnil.lt\/en\/#website\",\"url\":\"https:\/\/vilnil.lt\/en\/\",\"name\":\"VILNIL \u2014 Iliuzij\u0173 muziejus, Vilnius\",\"description\":\"Viliojantis. Paslaptingas. Nepaprastai stebinantis. Sveiki atvyk\u0119 \u012f istorin\u0119 erdv\u0119, kupin\u0105 jaudinan\u010di\u0173 iliuzij\u0173, puikios atmosferos ir besi\u0161ypsan\u010di\u0173 muziejaus darbuotoj\u0173.\",\"potentialAction\":[{\"@type\":\"SearchAction\",\"target\":{\"@type\":\"EntryPoint\",\"urlTemplate\":\"https:\/\/vilnil.lt\/en\/?s={search_term_string}\"},\"query-input\":{\"@type\":\"PropertyValueSpecification\",\"valueRequired\":true,\"valueName\":\"search_term_string\"}}],\"inLanguage\":\"en-US\"}]}<\/script>\n<!-- \/ Yoast SEO plugin. -->","yoast_head_json":{"title":"FAQ | Visitor info - Museum of illusions Vilnius","description":"Got questions? Find everything you need to know about visiting Museum of Illusions Vilnius\u2014 location, hours, ticket prices, guided tours, accessibility & parking","robots":{"index":"index","follow":"follow","max-snippet":"max-snippet:-1","max-image-preview":"max-image-preview:large","max-video-preview":"max-video-preview:-1"},"canonical":"https:\/\/vilnil.lt\/en\/faq\/","og_locale":"en_US","og_type":"article","og_title":"FAQ | Visitor info - Museum of illusions Vilnius","og_description":"Got questions? Find everything you need to know about visiting Museum of Illusions Vilnius\u2014 location, hours, ticket prices, guided tours, accessibility & parking","og_url":"https:\/\/vilnil.lt\/en\/faq\/","og_site_name":"VILNIL \u2014 Iliuzij\u0173 muziejus, Vilnius","article_modified_time":"2026-02-09T14:07:10+00:00","twitter_card":"summary_large_image","schema":{"@context":"https:\/\/schema.org","@graph":[{"@type":"WebPage","@id":"https:\/\/vilnil.lt\/en\/faq\/","url":"https:\/\/vilnil.lt\/en\/faq\/","name":"FAQ | Visitor info - Museum of illusions Vilnius","isPartOf":{"@id":"https:\/\/vilnil.lt\/en\/#website"},"datePublished":"2025-05-27T07:49:48+00:00","dateModified":"2026-02-09T14:07:10+00:00","description":"Got questions? Find everything you need to know about visiting Museum of Illusions Vilnius\u2014 location, hours, ticket prices, guided tours, accessibility & parking","breadcrumb":{"@id":"https:\/\/vilnil.lt\/en\/faq\/#breadcrumb"},"inLanguage":"en-US","potentialAction":[{"@type":"ReadAction","target":["https:\/\/vilnil.lt\/en\/faq\/"]}]},{"@type":"BreadcrumbList","@id":"https:\/\/vilnil.lt\/en\/faq\/#breadcrumb","itemListElement":[{"@type":"ListItem","position":1,"name":"Home","item":"https:\/\/vilnil.lt\/en\/"},{"@type":"ListItem","position":2,"name":"FAQ"}]},{"@type":"WebSite","@id":"https:\/\/vilnil.lt\/en\/#website","url":"https:\/\/vilnil.lt\/en\/","name":"VILNIL \u2014 Iliuzij\u0173 muziejus, Vilnius","description":"Viliojantis. Paslaptingas. Nepaprastai stebinantis. Sveiki atvyk\u0119 \u012f istorin\u0119 erdv\u0119, kupin\u0105 jaudinan\u010di\u0173 iliuzij\u0173, puikios atmosferos ir besi\u0161ypsan\u010di\u0173 muziejaus darbuotoj\u0173.","potentialAction":[{"@type":"SearchAction","target":{"@type":"EntryPoint","urlTemplate":"https:\/\/vilnil.lt\/en\/?s={search_term_string}"},"query-input":{"@type":"PropertyValueSpecification","valueRequired":true,"valueName":"search_term_string"}}],"inLanguage":"en-US"}]}},"_links":{"self":[{"href":"https:\/\/vilnil.lt\/en\/wp-json\/wp\/v2\/pages\/91","targetHints":{"allow":["GET"]}}],"collection":[{"href":"https:\/\/vilnil.lt\/en\/wp-json\/wp\/v2\/pages"}],"about":[{"href":"https:\/\/vilnil.lt\/en\/wp-json\/wp\/v2\/types\/page"}],"author":[{"embeddable":true,"href":"https:\/\/vilnil.lt\/en\/wp-json\/wp\/v2\/users\/1"}],"replies":[{"embeddable":true,"href":"https:\/\/vilnil.lt\/en\/wp-json\/wp\/v2\/comments?post=91"}],"version-history":[{"count":7,"href":"https:\/\/vilnil.lt\/en\/wp-json\/wp\/v2\/pages\/91\/revisions"}],"predecessor-version":[{"id":17813,"href":"https:\/\/vilnil.lt\/en\/wp-json\/wp\/v2\/pages\/91\/revisions\/17813"}],"wp:attachment":[{"href":"https:\/\/vilnil.lt\/en\/wp-json\/wp\/v2\/media?parent=91"}],"curies":[{"name":"wp","href":"https:\/\/api.w.org\/{rel}","templated":true}]}}