{"id":93,"date":"2025-05-27T09:50:23","date_gmt":"2025-05-27T07:50:23","guid":{"rendered":"https:\/\/vilnil.lt\/?page_id=93"},"modified":"2026-02-09T16:06:28","modified_gmt":"2026-02-09T14:06:28","slug":"contact","status":"publish","type":"page","link":"https:\/\/vilnil.lt\/en\/contact\/","title":{"rendered":"CONTACTS"},"content":{"rendered":"\n<section  class=\"contact-block contact-block-block_a4723f76a0d71ca25849a2b870c8be39\" >\n  <div class=\"contact-block__wrap\">\n    <div class=\"container\">\n      <div class=\"row\">\n        <div class=\"col-lg-6\">\n          <div class=\"contact-block__info\">\n            <div class=\"contact-address\">\n                              <h1 class=\"contact-address__title\">Address<\/h1>\n                                            <div class=\"contact-address__info\">\n                  <h2><span data-sheets-root=\"1\">Exactly in the Vilnius center<\/span><\/h2>\n<p>Vokie\u010di\u0173 g. 8, Vilnius<\/p>\n<p><span data-sheets-root=\"1\">The nearest public transport stop is at Vingriai bus stop.<\/span><\/p>\n                <\/div>\n                          <\/div>\n\n            <div class=\"contact-opening-hours\">\n              <h2>Working hours<\/h2>\n                                                <div class=\"contact-opening-hours__info\">\n                    <div class=\"contact-opening-hours__left\">\n                      <div class=\"contact-opening-hours__days\">\n                        Monday\u2013Friday                      <\/div>  \n                      <div class=\"contact-opening-hours__admission\">\n                        last admission at 18:00                      <\/div>                    \n                    <\/div>\n                    <div class=\"contact-opening-hours__time\">10:00-19:00<\/div>\n                  <\/div>\n                                  <div class=\"contact-opening-hours__info\">\n                    <div class=\"contact-opening-hours__left\">\n                      <div class=\"contact-opening-hours__days\">\n                        Saturday                      <\/div>  \n                      <div class=\"contact-opening-hours__admission\">\n                        last entrance at 19:00                      <\/div>                    \n                    <\/div>\n                    <div class=\"contact-opening-hours__time\">10:00-20:00<\/div>\n                  <\/div>\n                                  <div class=\"contact-opening-hours__info\">\n                    <div class=\"contact-opening-hours__left\">\n                      <div class=\"contact-opening-hours__days\">\n                        Sunday                      <\/div>  \n                      <div class=\"contact-opening-hours__admission\">\n                        last entrance at 17:00                      <\/div>                    \n                    <\/div>\n                    <div class=\"contact-opening-hours__time\">10:00\u201318:00<\/div>\n                  <\/div>\n                                          <\/div>\n\n            <div class=\"contact-block__buttons\">\n                              <a class=\"email-btn\" href=\"tel:+370%20672%2025414\" target=\"_self\"><span>+370 672 25414<\/span><\/a>\n                                            <a class=\"phone-btn\" href=\"mailto:info@vilnil.lt\" target=\"_self\"><span>info@vilnil.lt<\/span><\/a>\n                          <\/div>\n                      <\/div>\n        <\/div>\n      <\/div>\n    <\/div>\n    <div class=\"contact-map\">\n      <!-- contact-block -->\n      <div class=\"contact-block__bg-image contact-block__bg-image-top d-lg-none\">\n        <svg width=\"320\" height=\"45\" viewBox=\"0 0 320 45\" fill=\"none\" xmlns=\"http:\/\/www.w3.org\/2000\/svg\">\n<g clip-path=\"url(#clip0_2006_2)\">\n<mask id=\"mask0_2006_2\" style=\"mask-type:luminance\" maskUnits=\"userSpaceOnUse\" x=\"0\" y=\"0\" width=\"320\" height=\"45\">\n<path d=\"M320 0H0V45H320V0Z\" fill=\"white\"\/>\n<\/mask>\n<g mask=\"url(#mask0_2006_2)\">\n<mask id=\"mask1_2006_2\" style=\"mask-type:luminance\" maskUnits=\"userSpaceOnUse\" x=\"0\" y=\"-286\" width=\"320\" height=\"332\">\n<path d=\"M320 -286H0V46H320V-286Z\" fill=\"white\"\/>\n<\/mask>\n<g mask=\"url(#mask1_2006_2)\">\n<path d=\"M391.906 -298L-137 -223.667L-97.3334 58.5751L431.573 -15.7578L391.906 -298Z\" fill=\"#E6FFF0\"\/>\n<\/g>\n<\/g>\n<\/g>\n<defs>\n<clipPath id=\"clip0_2006_2\">\n<rect width=\"320\" height=\"45\" fill=\"white\"\/>\n<\/clipPath>\n<\/defs>\n<\/svg>\n      <\/div>\n      <iframe style=\"width: 100%; height: 100%;\" src=\"https:\/\/www.google.com\/maps\/embed?pb=!1m14!1m8!1m3!1d2306.769102070818!2d25.2823002!3d54.6784923!3m2!1i1024!2i768!4f13.1!3m3!1m2!1s0x46dd94151ba47871%3A0x46abb7e303865486!2sVilnius%20Museum%20of%20Illusions!5e0!3m2!1sen!2sua!4v1770362647066!5m2!1sen!2sua\" width=\"600\" height=\"450\" style=\"border:0;\" allowfullscreen=\"\" loading=\"lazy\" referrerpolicy=\"no-referrer-when-downgrade\"><\/iframe>      \n    <\/div>\n  <\/div>\n  <style><\/style>\n<\/section>","protected":false},"excerpt":{"rendered":"","protected":false},"author":1,"featured_media":0,"parent":0,"menu_order":0,"comment_status":"closed","ping_status":"closed","template":"","meta":{"_acf_changed":false,"inline_featured_image":false,"footnotes":""},"class_list":["post-93","page","type-page","status-publish","hentry"],"acf":[],"yoast_head":"<!-- This site is optimized with the Yoast SEO plugin v27.0 - https:\/\/yoast.com\/product\/yoast-seo-wordpress\/ -->\n<title>Contact Us - Museum of illusions Vilnius<\/title>\n<meta name=\"description\" content=\"Right in the center of Vilnius | Vokie\u010di\u0173 g. 8 | Mon-Fri 10:00-19:00 | Sat 10:00-20:00 | Sun 10:00-18:00\" \/>\n<meta name=\"robots\" content=\"index, follow, max-snippet:-1, max-image-preview:large, max-video-preview:-1\" \/>\n<link rel=\"canonical\" href=\"https:\/\/vilnil.lt\/en\/contact\/\" \/>\n<meta property=\"og:locale\" content=\"en_US\" \/>\n<meta property=\"og:type\" content=\"article\" \/>\n<meta property=\"og:title\" content=\"Contact Us - Museum of illusions Vilnius\" \/>\n<meta property=\"og:description\" content=\"Right in the center of Vilnius | Vokie\u010di\u0173 g. 8 | Mon-Fri 10:00-19:00 | Sat 10:00-20:00 | Sun 10:00-18:00\" \/>\n<meta property=\"og:url\" content=\"https:\/\/vilnil.lt\/en\/contact\/\" \/>\n<meta property=\"og:site_name\" content=\"VILNIL \u2014 Iliuzij\u0173 muziejus, Vilnius\" \/>\n<meta property=\"article:modified_time\" content=\"2026-02-09T14:06:28+00:00\" \/>\n<meta name=\"twitter:card\" content=\"summary_large_image\" \/>\n<script type=\"application\/ld+json\" class=\"yoast-schema-graph\">{\"@context\":\"https:\/\/schema.org\",\"@graph\":[{\"@type\":\"WebPage\",\"@id\":\"https:\/\/vilnil.lt\/en\/contact\/\",\"url\":\"https:\/\/vilnil.lt\/en\/contact\/\",\"name\":\"Contact Us - Museum of illusions Vilnius\",\"isPartOf\":{\"@id\":\"https:\/\/vilnil.lt\/en\/#website\"},\"datePublished\":\"2025-05-27T07:50:23+00:00\",\"dateModified\":\"2026-02-09T14:06:28+00:00\",\"description\":\"Right in the center of Vilnius | Vokie\u010di\u0173 g. 8 | Mon-Fri 10:00-19:00 | Sat 10:00-20:00 | Sun 10:00-18:00\",\"breadcrumb\":{\"@id\":\"https:\/\/vilnil.lt\/en\/contact\/#breadcrumb\"},\"inLanguage\":\"en-US\",\"potentialAction\":[{\"@type\":\"ReadAction\",\"target\":[\"https:\/\/vilnil.lt\/en\/contact\/\"]}]},{\"@type\":\"BreadcrumbList\",\"@id\":\"https:\/\/vilnil.lt\/en\/contact\/#breadcrumb\",\"itemListElement\":[{\"@type\":\"ListItem\",\"position\":1,\"name\":\"Home\",\"item\":\"https:\/\/vilnil.lt\/en\/\"},{\"@type\":\"ListItem\",\"position\":2,\"name\":\"CONTACTS\"}]},{\"@type\":\"WebSite\",\"@id\":\"https:\/\/vilnil.lt\/en\/#website\",\"url\":\"https:\/\/vilnil.lt\/en\/\",\"name\":\"VILNIL \u2014 Iliuzij\u0173 muziejus, Vilnius\",\"description\":\"Viliojantis. Paslaptingas. Nepaprastai stebinantis. Sveiki atvyk\u0119 \u012f istorin\u0119 erdv\u0119, kupin\u0105 jaudinan\u010di\u0173 iliuzij\u0173, puikios atmosferos ir besi\u0161ypsan\u010di\u0173 muziejaus darbuotoj\u0173.\",\"potentialAction\":[{\"@type\":\"SearchAction\",\"target\":{\"@type\":\"EntryPoint\",\"urlTemplate\":\"https:\/\/vilnil.lt\/en\/?s={search_term_string}\"},\"query-input\":{\"@type\":\"PropertyValueSpecification\",\"valueRequired\":true,\"valueName\":\"search_term_string\"}}],\"inLanguage\":\"en-US\"}]}<\/script>\n<!-- \/ Yoast SEO plugin. -->","yoast_head_json":{"title":"Contact Us - Museum of illusions Vilnius","description":"Right in the center of Vilnius | Vokie\u010di\u0173 g. 8 | Mon-Fri 10:00-19:00 | Sat 10:00-20:00 | Sun 10:00-18:00","robots":{"index":"index","follow":"follow","max-snippet":"max-snippet:-1","max-image-preview":"max-image-preview:large","max-video-preview":"max-video-preview:-1"},"canonical":"https:\/\/vilnil.lt\/en\/contact\/","og_locale":"en_US","og_type":"article","og_title":"Contact Us - Museum of illusions Vilnius","og_description":"Right in the center of Vilnius | Vokie\u010di\u0173 g. 8 | Mon-Fri 10:00-19:00 | Sat 10:00-20:00 | Sun 10:00-18:00","og_url":"https:\/\/vilnil.lt\/en\/contact\/","og_site_name":"VILNIL \u2014 Iliuzij\u0173 muziejus, Vilnius","article_modified_time":"2026-02-09T14:06:28+00:00","twitter_card":"summary_large_image","schema":{"@context":"https:\/\/schema.org","@graph":[{"@type":"WebPage","@id":"https:\/\/vilnil.lt\/en\/contact\/","url":"https:\/\/vilnil.lt\/en\/contact\/","name":"Contact Us - Museum of illusions Vilnius","isPartOf":{"@id":"https:\/\/vilnil.lt\/en\/#website"},"datePublished":"2025-05-27T07:50:23+00:00","dateModified":"2026-02-09T14:06:28+00:00","description":"Right in the center of Vilnius | Vokie\u010di\u0173 g. 8 | Mon-Fri 10:00-19:00 | Sat 10:00-20:00 | Sun 10:00-18:00","breadcrumb":{"@id":"https:\/\/vilnil.lt\/en\/contact\/#breadcrumb"},"inLanguage":"en-US","potentialAction":[{"@type":"ReadAction","target":["https:\/\/vilnil.lt\/en\/contact\/"]}]},{"@type":"BreadcrumbList","@id":"https:\/\/vilnil.lt\/en\/contact\/#breadcrumb","itemListElement":[{"@type":"ListItem","position":1,"name":"Home","item":"https:\/\/vilnil.lt\/en\/"},{"@type":"ListItem","position":2,"name":"CONTACTS"}]},{"@type":"WebSite","@id":"https:\/\/vilnil.lt\/en\/#website","url":"https:\/\/vilnil.lt\/en\/","name":"VILNIL \u2014 Iliuzij\u0173 muziejus, Vilnius","description":"Viliojantis. Paslaptingas. Nepaprastai stebinantis. Sveiki atvyk\u0119 \u012f istorin\u0119 erdv\u0119, kupin\u0105 jaudinan\u010di\u0173 iliuzij\u0173, puikios atmosferos ir besi\u0161ypsan\u010di\u0173 muziejaus darbuotoj\u0173.","potentialAction":[{"@type":"SearchAction","target":{"@type":"EntryPoint","urlTemplate":"https:\/\/vilnil.lt\/en\/?s={search_term_string}"},"query-input":{"@type":"PropertyValueSpecification","valueRequired":true,"valueName":"search_term_string"}}],"inLanguage":"en-US"}]}},"_links":{"self":[{"href":"https:\/\/vilnil.lt\/en\/wp-json\/wp\/v2\/pages\/93","targetHints":{"allow":["GET"]}}],"collection":[{"href":"https:\/\/vilnil.lt\/en\/wp-json\/wp\/v2\/pages"}],"about":[{"href":"https:\/\/vilnil.lt\/en\/wp-json\/wp\/v2\/types\/page"}],"author":[{"embeddable":true,"href":"https:\/\/vilnil.lt\/en\/wp-json\/wp\/v2\/users\/1"}],"replies":[{"embeddable":true,"href":"https:\/\/vilnil.lt\/en\/wp-json\/wp\/v2\/comments?post=93"}],"version-history":[{"count":11,"href":"https:\/\/vilnil.lt\/en\/wp-json\/wp\/v2\/pages\/93\/revisions"}],"predecessor-version":[{"id":17803,"href":"https:\/\/vilnil.lt\/en\/wp-json\/wp\/v2\/pages\/93\/revisions\/17803"}],"wp:attachment":[{"href":"https:\/\/vilnil.lt\/en\/wp-json\/wp\/v2\/media?parent=93"}],"curies":[{"name":"wp","href":"https:\/\/api.w.org\/{rel}","templated":true}]}}