{"id":17642,"date":"2025-05-13T11:31:00","date_gmt":"2025-05-13T09:31:00","guid":{"rendered":"https:\/\/vilnil.lt\/%d0%bc%d0%be%d0%b9-%d0%b0%d0%ba%d0%ba%d0%b0%d1%83%d0%bd%d1%82\/"},"modified":"2026-01-19T11:43:58","modified_gmt":"2026-01-19T10:43:58","slug":"%d0%bc%d0%be%d0%b9-%d0%b0%d0%ba%d0%ba%d0%b0%d1%83%d0%bd%d1%82","status":"publish","type":"page","link":"https:\/\/vilnil.lt\/ru\/%d0%bc%d0%be%d0%b9-%d0%b0%d0%ba%d0%ba%d0%b0%d1%83%d0%bd%d1%82\/","title":{"rendered":"\u041c\u043e\u0439 \u0430\u043a\u043a\u0430\u0443\u043d\u0442"},"content":{"rendered":"<div class=\"woocommerce\"><div class=\"woocommerce-notices-wrapper\"><\/div>\n\n\t\t<h2>\u0412\u0445\u043e\u0434<\/h2>\n\n\t\t<form class=\"woocommerce-form woocommerce-form-login login\" method=\"post\" novalidate>\n\n\t\t\t\n\t\t\t<p class=\"woocommerce-form-row woocommerce-form-row--wide form-row form-row-wide\">\n\t\t\t\t<label for=\"username\">\u0418\u043c\u044f \u043f\u043e\u043b\u044c\u0437\u043e\u0432\u0430\u0442\u0435\u043b\u044f \u0438\u043b\u0438 Email&nbsp;<span class=\"required\" aria-hidden=\"true\">*<\/span><span class=\"screen-reader-text\">\u041e\u0431\u044f\u0437\u0430\u0442\u0435\u043b\u044c\u043d\u043e<\/span><\/label>\n\t\t\t\t<input type=\"text\" class=\"woocommerce-Input woocommerce-Input--text input-text\" name=\"username\" id=\"username\" autocomplete=\"username\" value=\"\" required aria-required=\"true\" \/>\t\t\t<\/p>\n\t\t\t<p class=\"woocommerce-form-row woocommerce-form-row--wide form-row form-row-wide\">\n\t\t\t\t<label for=\"password\">\u041f\u0430\u0440\u043e\u043b\u044c&nbsp;<span class=\"required\" aria-hidden=\"true\">*<\/span><span class=\"screen-reader-text\">\u041e\u0431\u044f\u0437\u0430\u0442\u0435\u043b\u044c\u043d\u043e<\/span><\/label>\n\t\t\t\t<input class=\"woocommerce-Input woocommerce-Input--text input-text\" type=\"password\" name=\"password\" id=\"password\" autocomplete=\"current-password\" required aria-required=\"true\" \/>\n\t\t\t<\/p>\n\n\t\t\t\n\t\t\t<p class=\"form-row\">\n\t\t\t\t<label class=\"woocommerce-form__label woocommerce-form__label-for-checkbox woocommerce-form-login__rememberme\">\n\t\t\t\t\t<input class=\"woocommerce-form__input woocommerce-form__input-checkbox\" name=\"rememberme\" type=\"checkbox\" id=\"rememberme\" value=\"forever\" \/> <span>\u0417\u0430\u043f\u043e\u043c\u043d\u0438\u0442\u044c \u043c\u0435\u043d\u044f<\/span>\n\t\t\t\t<\/label>\n\t\t\t\t<input type=\"hidden\" id=\"woocommerce-login-nonce\" name=\"woocommerce-login-nonce\" value=\"7380c389e5\" \/><input type=\"hidden\" name=\"_wp_http_referer\" value=\"\/ru\/wp-json\/wp\/v2\/pages\/17642\" \/>\t\t\t\t<button type=\"submit\" class=\"woocommerce-button button woocommerce-form-login__submit\" name=\"login\" value=\"\u0412\u043e\u0439\u0442\u0438\">\u0412\u043e\u0439\u0442\u0438<\/button>\n\t\t\t<\/p>\n\t\t\t<p class=\"woocommerce-LostPassword lost_password\">\n\t\t\t\t<a href=\"https:\/\/vilnil.lt\/ru\/%d0%bc%d0%be%d0%b9-%d0%b0%d0%ba%d0%ba%d0%b0%d1%83%d0%bd%d1%82\/lost-password\/\">\u0417\u0430\u0431\u044b\u043b\u0438 \u0441\u0432\u043e\u0439 \u043f\u0430\u0440\u043e\u043b\u044c?<\/a>\n\t\t\t<\/p>\n\n\t\t\t\n\t\t<\/form>\n\n\n<\/div>\n","protected":false},"excerpt":{"rendered":"","protected":false},"author":1,"featured_media":0,"parent":0,"menu_order":0,"comment_status":"closed","ping_status":"closed","template":"","meta":{"_acf_changed":false,"inline_featured_image":false,"footnotes":""},"class_list":["post-17642","page","type-page","status-publish","hentry"],"acf":[],"yoast_head":"<!-- This site is optimized with the Yoast SEO plugin v27.0 - https:\/\/yoast.com\/product\/yoast-seo-wordpress\/ -->\n<title>\u041c\u043e\u0439 \u0430\u043a\u043a\u0430\u0443\u043d\u0442 - VILNIL \u2014 Iliuzij\u0173 muziejus, Vilnius<\/title>\n<meta name=\"robots\" content=\"index, follow, max-snippet:-1, max-image-preview:large, max-video-preview:-1\" \/>\n<link rel=\"canonical\" href=\"https:\/\/vilnil.lt\/ru\/\u043c\u043e\u0439-\u0430\u043a\u043a\u0430\u0443\u043d\u0442\/\" \/>\n<meta property=\"og:locale\" content=\"ru_RU\" \/>\n<meta property=\"og:type\" content=\"article\" \/>\n<meta property=\"og:title\" content=\"\u041c\u043e\u0439 \u0430\u043a\u043a\u0430\u0443\u043d\u0442 - VILNIL \u2014 Iliuzij\u0173 muziejus, Vilnius\" \/>\n<meta property=\"og:url\" content=\"https:\/\/vilnil.lt\/ru\/\u043c\u043e\u0439-\u0430\u043a\u043a\u0430\u0443\u043d\u0442\/\" \/>\n<meta property=\"og:site_name\" content=\"VILNIL \u2014 Iliuzij\u0173 muziejus, Vilnius\" \/>\n<meta property=\"article:modified_time\" content=\"2026-01-19T10:43:58+00:00\" \/>\n<meta name=\"twitter:card\" content=\"summary_large_image\" \/>\n<script type=\"application\/ld+json\" class=\"yoast-schema-graph\">{\"@context\":\"https:\/\/schema.org\",\"@graph\":[{\"@type\":\"WebPage\",\"@id\":\"https:\/\/vilnil.lt\/ru\/%d0%bc%d0%be%d0%b9-%d0%b0%d0%ba%d0%ba%d0%b0%d1%83%d0%bd%d1%82\/\",\"url\":\"https:\/\/vilnil.lt\/ru\/%d0%bc%d0%be%d0%b9-%d0%b0%d0%ba%d0%ba%d0%b0%d1%83%d0%bd%d1%82\/\",\"name\":\"\u041c\u043e\u0439 \u0430\u043a\u043a\u0430\u0443\u043d\u0442 - VILNIL \u2014 Iliuzij\u0173 muziejus, Vilnius\",\"isPartOf\":{\"@id\":\"https:\/\/vilnil.lt\/ru\/#website\"},\"datePublished\":\"2025-05-13T09:31:00+00:00\",\"dateModified\":\"2026-01-19T10:43:58+00:00\",\"breadcrumb\":{\"@id\":\"https:\/\/vilnil.lt\/ru\/%d0%bc%d0%be%d0%b9-%d0%b0%d0%ba%d0%ba%d0%b0%d1%83%d0%bd%d1%82\/#breadcrumb\"},\"inLanguage\":\"ru-RU\",\"potentialAction\":[{\"@type\":\"ReadAction\",\"target\":[\"https:\/\/vilnil.lt\/ru\/%d0%bc%d0%be%d0%b9-%d0%b0%d0%ba%d0%ba%d0%b0%d1%83%d0%bd%d1%82\/\"]}]},{\"@type\":\"BreadcrumbList\",\"@id\":\"https:\/\/vilnil.lt\/ru\/%d0%bc%d0%be%d0%b9-%d0%b0%d0%ba%d0%ba%d0%b0%d1%83%d0%bd%d1%82\/#breadcrumb\",\"itemListElement\":[{\"@type\":\"ListItem\",\"position\":1,\"name\":\"Home\",\"item\":\"https:\/\/vilnil.lt\/ru\/\"},{\"@type\":\"ListItem\",\"position\":2,\"name\":\"\u041c\u043e\u0439 \u0430\u043a\u043a\u0430\u0443\u043d\u0442\"}]},{\"@type\":\"WebSite\",\"@id\":\"https:\/\/vilnil.lt\/ru\/#website\",\"url\":\"https:\/\/vilnil.lt\/ru\/\",\"name\":\"VILNIL \u2014 Iliuzij\u0173 muziejus, Vilnius\",\"description\":\"Viliojantis. Paslaptingas. Nepaprastai stebinantis. Sveiki atvyk\u0119 \u012f istorin\u0119 erdv\u0119, kupin\u0105 jaudinan\u010di\u0173 iliuzij\u0173, puikios atmosferos ir besi\u0161ypsan\u010di\u0173 muziejaus darbuotoj\u0173.\",\"potentialAction\":[{\"@type\":\"SearchAction\",\"target\":{\"@type\":\"EntryPoint\",\"urlTemplate\":\"https:\/\/vilnil.lt\/ru\/?s={search_term_string}\"},\"query-input\":{\"@type\":\"PropertyValueSpecification\",\"valueRequired\":true,\"valueName\":\"search_term_string\"}}],\"inLanguage\":\"ru-RU\"}]}<\/script>\n<!-- \/ Yoast SEO plugin. -->","yoast_head_json":{"title":"\u041c\u043e\u0439 \u0430\u043a\u043a\u0430\u0443\u043d\u0442 - VILNIL \u2014 Iliuzij\u0173 muziejus, Vilnius","robots":{"index":"index","follow":"follow","max-snippet":"max-snippet:-1","max-image-preview":"max-image-preview:large","max-video-preview":"max-video-preview:-1"},"canonical":"https:\/\/vilnil.lt\/ru\/\u043c\u043e\u0439-\u0430\u043a\u043a\u0430\u0443\u043d\u0442\/","og_locale":"ru_RU","og_type":"article","og_title":"\u041c\u043e\u0439 \u0430\u043a\u043a\u0430\u0443\u043d\u0442 - VILNIL \u2014 Iliuzij\u0173 muziejus, Vilnius","og_url":"https:\/\/vilnil.lt\/ru\/\u043c\u043e\u0439-\u0430\u043a\u043a\u0430\u0443\u043d\u0442\/","og_site_name":"VILNIL \u2014 Iliuzij\u0173 muziejus, Vilnius","article_modified_time":"2026-01-19T10:43:58+00:00","twitter_card":"summary_large_image","schema":{"@context":"https:\/\/schema.org","@graph":[{"@type":"WebPage","@id":"https:\/\/vilnil.lt\/ru\/%d0%bc%d0%be%d0%b9-%d0%b0%d0%ba%d0%ba%d0%b0%d1%83%d0%bd%d1%82\/","url":"https:\/\/vilnil.lt\/ru\/%d0%bc%d0%be%d0%b9-%d0%b0%d0%ba%d0%ba%d0%b0%d1%83%d0%bd%d1%82\/","name":"\u041c\u043e\u0439 \u0430\u043a\u043a\u0430\u0443\u043d\u0442 - VILNIL \u2014 Iliuzij\u0173 muziejus, Vilnius","isPartOf":{"@id":"https:\/\/vilnil.lt\/ru\/#website"},"datePublished":"2025-05-13T09:31:00+00:00","dateModified":"2026-01-19T10:43:58+00:00","breadcrumb":{"@id":"https:\/\/vilnil.lt\/ru\/%d0%bc%d0%be%d0%b9-%d0%b0%d0%ba%d0%ba%d0%b0%d1%83%d0%bd%d1%82\/#breadcrumb"},"inLanguage":"ru-RU","potentialAction":[{"@type":"ReadAction","target":["https:\/\/vilnil.lt\/ru\/%d0%bc%d0%be%d0%b9-%d0%b0%d0%ba%d0%ba%d0%b0%d1%83%d0%bd%d1%82\/"]}]},{"@type":"BreadcrumbList","@id":"https:\/\/vilnil.lt\/ru\/%d0%bc%d0%be%d0%b9-%d0%b0%d0%ba%d0%ba%d0%b0%d1%83%d0%bd%d1%82\/#breadcrumb","itemListElement":[{"@type":"ListItem","position":1,"name":"Home","item":"https:\/\/vilnil.lt\/ru\/"},{"@type":"ListItem","position":2,"name":"\u041c\u043e\u0439 \u0430\u043a\u043a\u0430\u0443\u043d\u0442"}]},{"@type":"WebSite","@id":"https:\/\/vilnil.lt\/ru\/#website","url":"https:\/\/vilnil.lt\/ru\/","name":"VILNIL \u2014 Iliuzij\u0173 muziejus, Vilnius","description":"Viliojantis. Paslaptingas. Nepaprastai stebinantis. Sveiki atvyk\u0119 \u012f istorin\u0119 erdv\u0119, kupin\u0105 jaudinan\u010di\u0173 iliuzij\u0173, puikios atmosferos ir besi\u0161ypsan\u010di\u0173 muziejaus darbuotoj\u0173.","potentialAction":[{"@type":"SearchAction","target":{"@type":"EntryPoint","urlTemplate":"https:\/\/vilnil.lt\/ru\/?s={search_term_string}"},"query-input":{"@type":"PropertyValueSpecification","valueRequired":true,"valueName":"search_term_string"}}],"inLanguage":"ru-RU"}]}},"_links":{"self":[{"href":"https:\/\/vilnil.lt\/ru\/wp-json\/wp\/v2\/pages\/17642","targetHints":{"allow":["GET"]}}],"collection":[{"href":"https:\/\/vilnil.lt\/ru\/wp-json\/wp\/v2\/pages"}],"about":[{"href":"https:\/\/vilnil.lt\/ru\/wp-json\/wp\/v2\/types\/page"}],"author":[{"embeddable":true,"href":"https:\/\/vilnil.lt\/ru\/wp-json\/wp\/v2\/users\/1"}],"replies":[{"embeddable":true,"href":"https:\/\/vilnil.lt\/ru\/wp-json\/wp\/v2\/comments?post=17642"}],"version-history":[{"count":0,"href":"https:\/\/vilnil.lt\/ru\/wp-json\/wp\/v2\/pages\/17642\/revisions"}],"wp:attachment":[{"href":"https:\/\/vilnil.lt\/ru\/wp-json\/wp\/v2\/media?parent=17642"}],"curies":[{"name":"wp","href":"https:\/\/api.w.org\/{rel}","templated":true}]}}