{"id":17805,"date":"2025-05-27T09:50:23","date_gmt":"2025-05-27T06:50:23","guid":{"rendered":"https:\/\/vilnil.lt\/contact\/"},"modified":"2026-02-12T15:58:29","modified_gmt":"2026-02-12T13:58:29","slug":"contact","status":"publish","type":"page","link":"https:\/\/vilnil.lt\/ru\/contact\/","title":{"rendered":"\u041a\u043e\u043d\u0442\u0430\u043a\u0442\u044b"},"content":{"rendered":"\n<section  class=\"contact-block contact-block-block_1c635e0b65d87bdcd55fda76f500f7ce\" >\n  <div class=\"contact-block__wrap\">\n    <div class=\"container\">\n      <div class=\"row\">\n        <div class=\"col-lg-6\">\n          <div class=\"contact-block__info\">\n            <div class=\"contact-address\">\n                              <h1 class=\"contact-address__title\">\u0412 \u0441\u0430\u043c\u043e\u043c \u0446\u0435\u043d\u0442\u0440\u0435 \u0412\u0438\u043b\u044c\u043d\u044e\u0441\u0430<\/h1>\n                                            <div class=\"contact-address__info\">\n                  <p><span data-sheets-root=\"1\">Vokie\u010di\u0173 g. 8, \u0412\u0438\u043b\u044c\u043d\u044e\u0441<\/span><\/p>\n<p><span data-sheets-root=\"1\">\u0411\u043b\u0438\u0436\u0430\u0439\u0448\u0430\u044f \u043e\u0441\u0442\u0430\u043d\u043e\u0432\u043a\u0430 \u043e\u0431\u0449\u0435\u0441\u0442\u0432\u0435\u043d\u043d\u043e\u0433\u043e \u0442\u0440\u0430\u043d\u0441\u043f\u043e\u0440\u0442\u0430 \u2014 Vingriiai. <\/span><\/p>\n                <\/div>\n                          <\/div>\n\n            <div class=\"contact-opening-hours\">\n              <h2>\u0427\u0430\u0441\u044b \u0440\u0430\u0431\u043e\u0442\u044b<\/h2>\n                                                <div class=\"contact-opening-hours__info\">\n                    <div class=\"contact-opening-hours__left\">\n                      <div class=\"contact-opening-hours__days\">\n                        \u041f\u043e\u043d\u0435\u0434\u0435\u043b\u044c\u043d\u0438\u043a\u2013\u043f\u044f\u0442\u043d\u0438\u0446\u0430                      <\/div>  \n                      <div class=\"contact-opening-hours__admission\">\n                        \u041f\u043e\u0441\u043b\u0435\u0434\u043d\u0438\u0439 \u0432\u0445\u043e\u0434 18:00                      <\/div>                    \n                    <\/div>\n                    <div class=\"contact-opening-hours__time\">10:00-19:00<\/div>\n                  <\/div>\n                                  <div class=\"contact-opening-hours__info\">\n                    <div class=\"contact-opening-hours__left\">\n                      <div class=\"contact-opening-hours__days\">\n                        \u0421\u0443\u0431\u0431\u043e\u0442\u0430                      <\/div>  \n                      <div class=\"contact-opening-hours__admission\">\n                        \u041f\u043e\u0441\u043b\u0435\u0434\u043d\u0438\u0439 \u0432\u0445\u043e\u0434 19:00                      <\/div>                    \n                    <\/div>\n                    <div class=\"contact-opening-hours__time\">10:00-20:00<\/div>\n                  <\/div>\n                                  <div class=\"contact-opening-hours__info\">\n                    <div class=\"contact-opening-hours__left\">\n                      <div class=\"contact-opening-hours__days\">\n                        B\u043e\u0441\u043a\u0440\u0435\u0441\u0435\u043d\u044c\u0435                      <\/div>  \n                      <div class=\"contact-opening-hours__admission\">\n                        \u041f\u043e\u0441\u043b\u0435\u0434\u043d\u0438\u0439 \u0432\u0445\u043e\u0434 17:00                      <\/div>                    \n                    <\/div>\n                    <div class=\"contact-opening-hours__time\">10:00\u201318:00<\/div>\n                  <\/div>\n                                          <\/div>\n\n            <div class=\"contact-block__buttons\">\n                              <a class=\"email-btn\" href=\"tel:+370%20672%2025414\" target=\"_self\"><span>+370 672 25414<\/span><\/a>\n                                            <a class=\"phone-btn\" href=\"mailto:info@vilnil.lt\" target=\"_self\"><span>info@vilnil.lt<\/span><\/a>\n                          <\/div>\n                      <\/div>\n        <\/div>\n      <\/div>\n    <\/div>\n    <div class=\"contact-map\">\n      <!-- contact-block -->\n      <div class=\"contact-block__bg-image contact-block__bg-image-top d-lg-none\">\n        <svg width=\"320\" height=\"45\" viewBox=\"0 0 320 45\" fill=\"none\" xmlns=\"http:\/\/www.w3.org\/2000\/svg\">\n<g clip-path=\"url(#clip0_2006_2)\">\n<mask id=\"mask0_2006_2\" style=\"mask-type:luminance\" maskUnits=\"userSpaceOnUse\" x=\"0\" y=\"0\" width=\"320\" height=\"45\">\n<path d=\"M320 0H0V45H320V0Z\" fill=\"white\"\/>\n<\/mask>\n<g mask=\"url(#mask0_2006_2)\">\n<mask id=\"mask1_2006_2\" style=\"mask-type:luminance\" maskUnits=\"userSpaceOnUse\" x=\"0\" y=\"-286\" width=\"320\" height=\"332\">\n<path d=\"M320 -286H0V46H320V-286Z\" fill=\"white\"\/>\n<\/mask>\n<g mask=\"url(#mask1_2006_2)\">\n<path d=\"M391.906 -298L-137 -223.667L-97.3334 58.5751L431.573 -15.7578L391.906 -298Z\" fill=\"#E6FFF0\"\/>\n<\/g>\n<\/g>\n<\/g>\n<defs>\n<clipPath id=\"clip0_2006_2\">\n<rect width=\"320\" height=\"45\" fill=\"white\"\/>\n<\/clipPath>\n<\/defs>\n<\/svg>\n      <\/div>\n      <iframe style=\"width: 100%; height: 100%;\" src=\"https:\/\/www.google.com\/maps\/embed?pb=!1m14!1m8!1m3!1d2306.769102070818!2d25.2823002!3d54.6784923!3m2!1i1024!2i768!4f13.1!3m3!1m2!1s0x46dd94151ba47871%3A0x46abb7e303865486!2sVilnil.%20iliuzij%C5%B3%20muziejus%2F%20Museum%20of%20illusions%20Vilnius!5e0!3m2!1sru!2sua!4v1770363205487!5m2!1sru!2sua\" width=\"600\" height=\"450\" style=\"border:0;\" allowfullscreen=\"\" loading=\"lazy\" referrerpolicy=\"no-referrer-when-downgrade\"><\/iframe>      \n    <\/div>\n  <\/div>\n  <style><\/style>\n<\/section>","protected":false},"excerpt":{"rendered":"","protected":false},"author":1,"featured_media":0,"parent":0,"menu_order":0,"comment_status":"closed","ping_status":"closed","template":"","meta":{"_acf_changed":false,"inline_featured_image":false,"footnotes":""},"class_list":["post-17805","page","type-page","status-publish","hentry"],"acf":[],"yoast_head":"<!-- This site is optimized with the Yoast SEO plugin v27.0 - https:\/\/yoast.com\/product\/yoast-seo-wordpress\/ -->\n<title>\u0421\u0432\u044f\u0437\u0430\u0442\u044c\u0441\u044f \u0441 \u043d\u0430\u043c\u0438 \u2014 \u041c\u0443\u0437\u0435\u0439 \u0438\u043b\u043b\u044e\u0437\u0438\u0439 \u0412\u0438\u043b\u044c\u043d\u044e\u0441\u0430<\/title>\n<meta name=\"description\" content=\"\u0412 \u0441\u0430\u043c\u043e\u043c \u0446\u0435\u043d\u0442\u0440\u0435 \u0412\u0438\u043b\u044c\u043d\u044e\u0441\u0430 | Vokie\u010di\u0173 g. 8 | \u041f\u043d\u2013\u041f\u0442 10:00\u201319:00 | \u0421\u0431 10:00\u201320:00 | \u0412\u0441 10:00\u201318:00\" \/>\n<meta name=\"robots\" content=\"index, follow, max-snippet:-1, max-image-preview:large, max-video-preview:-1\" \/>\n<link rel=\"canonical\" href=\"https:\/\/vilnil.lt\/ru\/contact\/\" \/>\n<meta property=\"og:locale\" content=\"ru_RU\" \/>\n<meta property=\"og:type\" content=\"article\" \/>\n<meta property=\"og:title\" content=\"\u0421\u0432\u044f\u0437\u0430\u0442\u044c\u0441\u044f \u0441 \u043d\u0430\u043c\u0438 \u2014 \u041c\u0443\u0437\u0435\u0439 \u0438\u043b\u043b\u044e\u0437\u0438\u0439 \u0412\u0438\u043b\u044c\u043d\u044e\u0441\u0430\" \/>\n<meta property=\"og:description\" content=\"\u0412 \u0441\u0430\u043c\u043e\u043c \u0446\u0435\u043d\u0442\u0440\u0435 \u0412\u0438\u043b\u044c\u043d\u044e\u0441\u0430 | Vokie\u010di\u0173 g. 8 | \u041f\u043d\u2013\u041f\u0442 10:00\u201319:00 | \u0421\u0431 10:00\u201320:00 | \u0412\u0441 10:00\u201318:00\" \/>\n<meta property=\"og:url\" content=\"https:\/\/vilnil.lt\/ru\/contact\/\" \/>\n<meta property=\"og:site_name\" content=\"VILNIL \u2014 Iliuzij\u0173 muziejus, Vilnius\" \/>\n<meta property=\"article:modified_time\" content=\"2026-02-12T13:58:29+00:00\" \/>\n<meta name=\"twitter:card\" content=\"summary_large_image\" \/>\n<script type=\"application\/ld+json\" class=\"yoast-schema-graph\">{\"@context\":\"https:\/\/schema.org\",\"@graph\":[{\"@type\":\"WebPage\",\"@id\":\"https:\/\/vilnil.lt\/ru\/contact\/\",\"url\":\"https:\/\/vilnil.lt\/ru\/contact\/\",\"name\":\"\u0421\u0432\u044f\u0437\u0430\u0442\u044c\u0441\u044f \u0441 \u043d\u0430\u043c\u0438 \u2014 \u041c\u0443\u0437\u0435\u0439 \u0438\u043b\u043b\u044e\u0437\u0438\u0439 \u0412\u0438\u043b\u044c\u043d\u044e\u0441\u0430\",\"isPartOf\":{\"@id\":\"https:\/\/vilnil.lt\/ru\/#website\"},\"datePublished\":\"2025-05-27T06:50:23+00:00\",\"dateModified\":\"2026-02-12T13:58:29+00:00\",\"description\":\"\u0412 \u0441\u0430\u043c\u043e\u043c \u0446\u0435\u043d\u0442\u0440\u0435 \u0412\u0438\u043b\u044c\u043d\u044e\u0441\u0430 | Vokie\u010di\u0173 g. 8 | \u041f\u043d\u2013\u041f\u0442 10:00\u201319:00 | \u0421\u0431 10:00\u201320:00 | \u0412\u0441 10:00\u201318:00\",\"breadcrumb\":{\"@id\":\"https:\/\/vilnil.lt\/ru\/contact\/#breadcrumb\"},\"inLanguage\":\"ru-RU\",\"potentialAction\":[{\"@type\":\"ReadAction\",\"target\":[\"https:\/\/vilnil.lt\/ru\/contact\/\"]}]},{\"@type\":\"BreadcrumbList\",\"@id\":\"https:\/\/vilnil.lt\/ru\/contact\/#breadcrumb\",\"itemListElement\":[{\"@type\":\"ListItem\",\"position\":1,\"name\":\"Home\",\"item\":\"https:\/\/vilnil.lt\/ru\/\"},{\"@type\":\"ListItem\",\"position\":2,\"name\":\"\u041a\u043e\u043d\u0442\u0430\u043a\u0442\u044b\"}]},{\"@type\":\"WebSite\",\"@id\":\"https:\/\/vilnil.lt\/ru\/#website\",\"url\":\"https:\/\/vilnil.lt\/ru\/\",\"name\":\"VILNIL \u2014 Iliuzij\u0173 muziejus, Vilnius\",\"description\":\"Viliojantis. Paslaptingas. Nepaprastai stebinantis. Sveiki atvyk\u0119 \u012f istorin\u0119 erdv\u0119, kupin\u0105 jaudinan\u010di\u0173 iliuzij\u0173, puikios atmosferos ir besi\u0161ypsan\u010di\u0173 muziejaus darbuotoj\u0173.\",\"potentialAction\":[{\"@type\":\"SearchAction\",\"target\":{\"@type\":\"EntryPoint\",\"urlTemplate\":\"https:\/\/vilnil.lt\/ru\/?s={search_term_string}\"},\"query-input\":{\"@type\":\"PropertyValueSpecification\",\"valueRequired\":true,\"valueName\":\"search_term_string\"}}],\"inLanguage\":\"ru-RU\"}]}<\/script>\n<!-- \/ Yoast SEO plugin. -->","yoast_head_json":{"title":"\u0421\u0432\u044f\u0437\u0430\u0442\u044c\u0441\u044f \u0441 \u043d\u0430\u043c\u0438 \u2014 \u041c\u0443\u0437\u0435\u0439 \u0438\u043b\u043b\u044e\u0437\u0438\u0439 \u0412\u0438\u043b\u044c\u043d\u044e\u0441\u0430","description":"\u0412 \u0441\u0430\u043c\u043e\u043c \u0446\u0435\u043d\u0442\u0440\u0435 \u0412\u0438\u043b\u044c\u043d\u044e\u0441\u0430 | Vokie\u010di\u0173 g. 8 | \u041f\u043d\u2013\u041f\u0442 10:00\u201319:00 | \u0421\u0431 10:00\u201320:00 | \u0412\u0441 10:00\u201318:00","robots":{"index":"index","follow":"follow","max-snippet":"max-snippet:-1","max-image-preview":"max-image-preview:large","max-video-preview":"max-video-preview:-1"},"canonical":"https:\/\/vilnil.lt\/ru\/contact\/","og_locale":"ru_RU","og_type":"article","og_title":"\u0421\u0432\u044f\u0437\u0430\u0442\u044c\u0441\u044f \u0441 \u043d\u0430\u043c\u0438 \u2014 \u041c\u0443\u0437\u0435\u0439 \u0438\u043b\u043b\u044e\u0437\u0438\u0439 \u0412\u0438\u043b\u044c\u043d\u044e\u0441\u0430","og_description":"\u0412 \u0441\u0430\u043c\u043e\u043c \u0446\u0435\u043d\u0442\u0440\u0435 \u0412\u0438\u043b\u044c\u043d\u044e\u0441\u0430 | Vokie\u010di\u0173 g. 8 | \u041f\u043d\u2013\u041f\u0442 10:00\u201319:00 | \u0421\u0431 10:00\u201320:00 | \u0412\u0441 10:00\u201318:00","og_url":"https:\/\/vilnil.lt\/ru\/contact\/","og_site_name":"VILNIL \u2014 Iliuzij\u0173 muziejus, Vilnius","article_modified_time":"2026-02-12T13:58:29+00:00","twitter_card":"summary_large_image","schema":{"@context":"https:\/\/schema.org","@graph":[{"@type":"WebPage","@id":"https:\/\/vilnil.lt\/ru\/contact\/","url":"https:\/\/vilnil.lt\/ru\/contact\/","name":"\u0421\u0432\u044f\u0437\u0430\u0442\u044c\u0441\u044f \u0441 \u043d\u0430\u043c\u0438 \u2014 \u041c\u0443\u0437\u0435\u0439 \u0438\u043b\u043b\u044e\u0437\u0438\u0439 \u0412\u0438\u043b\u044c\u043d\u044e\u0441\u0430","isPartOf":{"@id":"https:\/\/vilnil.lt\/ru\/#website"},"datePublished":"2025-05-27T06:50:23+00:00","dateModified":"2026-02-12T13:58:29+00:00","description":"\u0412 \u0441\u0430\u043c\u043e\u043c \u0446\u0435\u043d\u0442\u0440\u0435 \u0412\u0438\u043b\u044c\u043d\u044e\u0441\u0430 | Vokie\u010di\u0173 g. 8 | \u041f\u043d\u2013\u041f\u0442 10:00\u201319:00 | \u0421\u0431 10:00\u201320:00 | \u0412\u0441 10:00\u201318:00","breadcrumb":{"@id":"https:\/\/vilnil.lt\/ru\/contact\/#breadcrumb"},"inLanguage":"ru-RU","potentialAction":[{"@type":"ReadAction","target":["https:\/\/vilnil.lt\/ru\/contact\/"]}]},{"@type":"BreadcrumbList","@id":"https:\/\/vilnil.lt\/ru\/contact\/#breadcrumb","itemListElement":[{"@type":"ListItem","position":1,"name":"Home","item":"https:\/\/vilnil.lt\/ru\/"},{"@type":"ListItem","position":2,"name":"\u041a\u043e\u043d\u0442\u0430\u043a\u0442\u044b"}]},{"@type":"WebSite","@id":"https:\/\/vilnil.lt\/ru\/#website","url":"https:\/\/vilnil.lt\/ru\/","name":"VILNIL \u2014 Iliuzij\u0173 muziejus, Vilnius","description":"Viliojantis. Paslaptingas. Nepaprastai stebinantis. Sveiki atvyk\u0119 \u012f istorin\u0119 erdv\u0119, kupin\u0105 jaudinan\u010di\u0173 iliuzij\u0173, puikios atmosferos ir besi\u0161ypsan\u010di\u0173 muziejaus darbuotoj\u0173.","potentialAction":[{"@type":"SearchAction","target":{"@type":"EntryPoint","urlTemplate":"https:\/\/vilnil.lt\/ru\/?s={search_term_string}"},"query-input":{"@type":"PropertyValueSpecification","valueRequired":true,"valueName":"search_term_string"}}],"inLanguage":"ru-RU"}]}},"_links":{"self":[{"href":"https:\/\/vilnil.lt\/ru\/wp-json\/wp\/v2\/pages\/17805","targetHints":{"allow":["GET"]}}],"collection":[{"href":"https:\/\/vilnil.lt\/ru\/wp-json\/wp\/v2\/pages"}],"about":[{"href":"https:\/\/vilnil.lt\/ru\/wp-json\/wp\/v2\/types\/page"}],"author":[{"embeddable":true,"href":"https:\/\/vilnil.lt\/ru\/wp-json\/wp\/v2\/users\/1"}],"replies":[{"embeddable":true,"href":"https:\/\/vilnil.lt\/ru\/wp-json\/wp\/v2\/comments?post=17805"}],"version-history":[{"count":5,"href":"https:\/\/vilnil.lt\/ru\/wp-json\/wp\/v2\/pages\/17805\/revisions"}],"predecessor-version":[{"id":18272,"href":"https:\/\/vilnil.lt\/ru\/wp-json\/wp\/v2\/pages\/17805\/revisions\/18272"}],"wp:attachment":[{"href":"https:\/\/vilnil.lt\/ru\/wp-json\/wp\/v2\/media?parent=17805"}],"curies":[{"name":"wp","href":"https:\/\/api.w.org\/{rel}","templated":true}]}}