{"id":17815,"date":"2025-05-27T09:49:48","date_gmt":"2025-05-27T06:49:48","guid":{"rendered":"https:\/\/vilnil.lt\/faq\/"},"modified":"2026-02-09T16:13:20","modified_gmt":"2026-02-09T14:13:20","slug":"faq","status":"publish","type":"page","link":"https:\/\/vilnil.lt\/ru\/faq\/","title":{"rendered":"FAQ"},"content":{"rendered":"\n<section  class=\"faq-block faq-block-block_f7b691f466536b15c8bbd70ed64144f3\" >\n  <div class=\"container\">\n    <div class=\"faq-block__wrap\">\n      <div class=\"row\">\n        <div class=\"col-xxl-4 col-xl-5 col-lg-6\">\n          <h1>\u0427\u0430\u0441\u0442\u043e \u0437\u0430\u0434\u0430\u0432\u0430\u0435\u043c\u044b\u0435 \u0432\u043e\u043f\u0440\u043e\u0441\u044b<\/h1>\n        <\/div>\n        <div class=\"col-xxl-8 col-xl-7 col-lg-6\">\n                      <div class=\"faq-block__list\">\n                              <div class=\"faq-block__item\">\n                                      <div class=\"faq-block__question\">\u0421\u043a\u043e\u043b\u044c\u043a\u043e \u0432\u0440\u0435\u043c\u0435\u043d\u0438 \u0437\u0430\u043d\u0438\u043c\u0430\u0435\u0442 \u043f\u043e\u0441\u0435\u0449\u0435\u043d\u0438\u0435 \u043c\u0443\u0437\u0435\u044f?<\/div>\n                                                        <div class=\"faq-block__answer\"><p><span data-sheets-root=\"1\">\u041e\u0431\u044b\u0447\u043d\u043e \u0432\u0438\u0437\u0438\u0442 \u0437\u0430\u043d\u0438\u043c\u0430\u0435\u0442 \u043e\u043a\u043e\u043b\u043e \u043e\u0434\u043d\u043e\u0433\u043e \u2014 \u043f\u043e\u043b\u0443\u0442\u043e\u0440\u0430 \u0447\u0430\u0441\u043e\u0432.<\/span><\/p>\n<\/div>\n                                  <\/div>\n                              <div class=\"faq-block__item\">\n                                      <div class=\"faq-block__question\">\u0421\u043a\u043e\u043b\u044c\u043a\u043e \u0441\u0442\u043e\u0438\u0442 \u0431\u0438\u043b\u0435\u0442?<\/div>\n                                                        <div class=\"faq-block__answer\"><p><span data-sheets-root=\"1\">\u0426\u0435\u043d\u044b \u043d\u0430 \u0431\u0438\u043b\u0435\u0442\u044b \u0432\u044b \u043c\u043e\u0436\u0435\u0442\u0435 \u043d\u0430\u0439\u0442\u0438 \u043d\u0430 \u043d\u0430\u0448\u0435\u043c \u0441\u0430\u0439\u0442\u0435.<\/span><\/p>\n<\/div>\n                                  <\/div>\n                              <div class=\"faq-block__item\">\n                                      <div class=\"faq-block__question\">\u0414\u043b\u044f \u043a\u043e\u0433\u043e \u043f\u0440\u0435\u0434\u043d\u0430\u0437\u043d\u0430\u0447\u0435\u043d \u043c\u0443\u0437\u0435\u0439?<\/div>\n                                                        <div class=\"faq-block__answer\"><p><span data-sheets-root=\"1\">\u041c\u0443\u0437\u0435\u0439 \u043f\u043e\u0434\u0445\u043e\u0434\u0438\u0442 \u0434\u043b\u044f \u043f\u043e\u0441\u0435\u0442\u0438\u0442\u0435\u043b\u0435\u0439 \u0432\u0441\u0435\u0445 \u0432\u043e\u0437\u0440\u0430\u0441\u0442\u043e\u0432 \u2014 \u0437\u0434\u0435\u0441\u044c \u043d\u0430\u0439\u0434\u0451\u0442\u0441\u044f \u0447\u0442\u043e-\u0442\u043e \u0438\u043d\u0442\u0435\u0440\u0435\u0441\u043d\u043e\u0435 \u0438 \u0434\u043b\u044f \u0432\u0437\u0440\u043e\u0441\u043b\u044b\u0445, \u0438 \u0434\u043b\u044f \u0434\u0435\u0442\u0435\u0439.<\/span><\/p>\n<\/div>\n                                  <\/div>\n                              <div class=\"faq-block__item\">\n                                      <div class=\"faq-block__question\">\u041f\u043e\u0434\u0445\u043e\u0434\u0438\u0442 \u043b\u0438 \u043c\u0443\u0437\u0435\u0439 \u0434\u043b\u044f \u0434\u0435\u0442\u0435\u0439?<\/div>\n                                                        <div class=\"faq-block__answer\"><p><span data-sheets-root=\"1\">\u0414\u0430, \u0434\u0435\u0442\u044f\u043c \u043e\u0447\u0435\u043d\u044c \u043f\u043e\u043d\u0440\u0430\u0432\u0438\u0442\u0441\u044f! \u0412 \u043c\u0443\u0437\u0435\u0435 \u043c\u043d\u043e\u0433\u043e \u043f\u043e\u0437\u043d\u0430\u0432\u0430\u0442\u0435\u043b\u044c\u043d\u044b\u0445 \u0438 \u0438\u043d\u0442\u0435\u0440\u0430\u043a\u0442\u0438\u0432\u043d\u044b\u0445 \u044d\u043a\u0441\u043f\u043e\u043d\u0430\u0442\u043e\u0432.<\/span><\/p>\n<\/div>\n                                  <\/div>\n                              <div class=\"faq-block__item\">\n                                      <div class=\"faq-block__question\">\u0415\u0441\u0442\u044c \u043b\u0438 \u0441\u043a\u0438\u0434\u043a\u0438 \u0434\u043b\u044f \u0436\u0438\u0442\u0435\u043b\u0435\u0439?<\/div>\n                                                        <div class=\"faq-block__answer\"><p><span data-sheets-root=\"1\">\u0412 \u043d\u0430\u0441\u0442\u043e\u044f\u0449\u0435\u0435 \u0432\u0440\u0435\u043c\u044f \u0441\u043a\u0438\u0434\u043a\u0438 \u0434\u043b\u044f \u0436\u0438\u0442\u0435\u043b\u0435\u0439 \u043d\u0435 \u043f\u0440\u0435\u0434\u043e\u0441\u0442\u0430\u0432\u043b\u044f\u044e\u0442\u0441\u044f.<\/span><\/p>\n<\/div>\n                                  <\/div>\n                              <div class=\"faq-block__item\">\n                                      <div class=\"faq-block__question\">\u041e\u0431\u044f\u0445\u0430\u0442\u0435\u043b\u044c\u043d\u043e \u043b\u0438 \u0431\u0440\u043e\u043d\u0438\u0440\u043e\u0432\u0430\u0442\u044c \u0431\u0438\u043b\u0435\u0442\u044b?<\/div>\n                                                        <div class=\"faq-block__answer\"><p><span data-sheets-root=\"1\">\u0411\u0440\u043e\u043d\u0438\u0440\u043e\u0432\u0430\u043d\u0438\u0435 \u043e\u0431\u044f\u0437\u0430\u0442\u0435\u043b\u044c\u043d\u043e \u0442\u043e\u043b\u044c\u043a\u043e \u0434\u043b\u044f \u0433\u0440\u0443\u043f\u043f \u043e\u0442 10 \u0447\u0435\u043b\u043e\u0432\u0435\u043a \u0438 \u0431\u043e\u043b\u0435\u0435.<\/span><\/p>\n<\/div>\n                                  <\/div>\n                              <div class=\"faq-block__item\">\n                                      <div class=\"faq-block__question\">\u0415\u0441\u0442\u044c \u043b\u0438 \u043f\u0430\u0440\u043a\u043e\u0432\u043a\u0430?<\/div>\n                                                        <div class=\"faq-block__answer\"><p><span data-sheets-root=\"1\">\u0423 \u043c\u0443\u0437\u0435\u044f \u043d\u0435\u0442 \u0441\u043e\u0431\u0441\u0442\u0432\u0435\u043d\u043d\u043e\u0439 \u043f\u0430\u0440\u043a\u043e\u0432\u043a\u0438, \u043d\u043e \u043f\u043e\u0431\u043b\u0438\u0437\u043e\u0441\u0442\u0438 \u0435\u0441\u0442\u044c \u043f\u043b\u0430\u0442\u043d\u044b\u0435 \u043f\u0430\u0440\u043a\u043e\u0432\u043e\u0447\u043d\u044b\u0435 \u0437\u043e\u043d\u044b.<\/span><\/p>\n<\/div>\n                                  <\/div>\n                              <div class=\"faq-block__item\">\n                                      <div class=\"faq-block__question\">\u0420\u0430\u0431\u043e\u0442\u0430\u0435\u0442 \u043b\u0438 \u043c\u0443\u0437\u0435\u0439 \u043f\u043e \u043f\u043e\u043d\u0435\u0434\u0435\u043b\u044c\u043d\u0438\u043a\u0430\u043c?<\/div>\n                                                        <div class=\"faq-block__answer\"><p><span data-sheets-root=\"1\">\u0414\u0430, \u043c\u0443\u0437\u0435\u0439 \u043e\u0442\u043a\u0440\u044b\u0442 \u043a\u0430\u0436\u0434\u044b\u0439 \u0434\u0435\u043d\u044c.<\/span><\/p>\n<\/div>\n                                  <\/div>\n                              <div class=\"faq-block__item\">\n                                      <div class=\"faq-block__question\">\u041c\u043e\u0436\u043d\u043e \u043b\u0438 \u0432\u043e\u0439\u0442\u0438 \u0441 \u043a\u043e\u043b\u044f\u0441\u043a\u043e\u0439 \u0438\u043b\u0438 \u0438\u043d\u0432\u0430\u043b\u0438\u0434\u043d\u044b\u043c \u043a\u0440\u0435\u0441\u043b\u043e\u043c?<\/div>\n                                                        <div class=\"faq-block__answer\"><p><span data-sheets-root=\"1\">\u0412 \u0441\u0432\u044f\u0437\u0438 \u0441 \u0438\u0441\u0442\u043e\u0440\u0438\u0447\u0435\u0441\u043a\u0438\u043c\u0438 \u043e\u0441\u043e\u0431\u0435\u043d\u043d\u043e\u0441\u0442\u044f\u043c\u0438 \u0437\u0434\u0430\u043d\u0438\u044f \u043c\u0443\u0437\u0435\u044f \u043d\u0435 \u0432\u0441\u0435 \u0447\u0430\u0441\u0442\u0438 \u044d\u043a\u0441\u043f\u043e\u0437\u0438\u0446\u0438\u0438 \u0434\u043e\u0441\u0442\u0443\u043f\u043d\u044b \u0434\u043b\u044f \u043a\u043e\u043b\u044f\u0441\u043e\u043a \u0438 \u0438\u043d\u0432\u0430\u043b\u0438\u0434\u043d\u044b\u0445 \u043a\u0440\u0435\u0441\u0435\u043b. \u0412 \u0442\u0430\u043a\u0438\u0445 \u0441\u043b\u0443\u0447\u0430\u044f\u0445 \u043f\u043e\u0441\u0435\u0442\u0438\u0442\u0435\u043b\u044f\u043c \u043f\u0440\u0435\u0434\u043b\u0430\u0433\u0430\u0435\u0442\u0441\u044f \u0431\u0435\u0441\u043f\u043b\u0430\u0442\u043d\u043e \u043e\u0441\u043c\u043e\u0442\u0440\u0435\u0442\u044c \u043f\u0435\u0440\u0432\u044b\u0439 \u044d\u0442\u0430\u0436 \u043c\u0443\u0437\u0435\u044f.<\/span><\/p>\n<\/div>\n                                  <\/div>\n                              <div class=\"faq-block__item\">\n                                      <div class=\"faq-block__question\">\u041c\u043e\u0436\u043d\u043e \u043b\u0438 \u043f\u0440\u0438\u0439\u0442\u0438 \u0441 \u0441\u043e\u0431\u0430\u043a\u043e\u0439?<\/div>\n                                                        <div class=\"faq-block__answer\"><p><span data-sheets-root=\"1\">\u0414\u0430, \u043c\u0443\u0437\u0435\u0439 \u0434\u0440\u0443\u0436\u0435\u043b\u044e\u0431\u0435\u043d \u043a \u043f\u0438\u0442\u043e\u043c\u0446\u0430\u043c.<\/span><\/p>\n<\/div>\n                                  <\/div>\n                              <div class=\"faq-block__item\">\n                                      <div class=\"faq-block__question\">\u0415\u0441\u0442\u044c \u043b\u0438 \u0432 \u043c\u0443\u0437\u0435\u0435 \u044d\u043a\u0441\u043a\u0443\u0440\u0441\u043e\u0432\u043e\u0434\u044b?<\/div>\n                                                        <div class=\"faq-block__answer\"><p><span data-sheets-root=\"1\">\u041c\u044b \u043f\u0440\u043e\u0432\u043e\u0434\u0438\u043c \u044d\u043a\u0441\u043a\u0443\u0440\u0441\u0438\u0438 \u0434\u043b\u044f \u0433\u0440\u0443\u043f\u043f \u043e\u0442 10 \u0447\u0435\u043b\u043e\u0432\u0435\u043a.<br \/>\n\u0412\u043e \u0432\u0440\u0435\u043c\u044f \u0441\u0430\u043c\u043e\u0441\u0442\u043e\u044f\u0442\u0435\u043b\u044c\u043d\u043e\u0433\u043e \u043f\u043e\u0441\u0435\u0449\u0435\u043d\u0438\u044f \u043d\u0430\u0448\u0438 \u0433\u0438\u0434\u044b \u0432\u0441\u0435\u0433\u0434\u0430 \u0433\u043e\u0442\u043e\u0432\u044b \u043e\u0442\u0432\u0435\u0442\u0438\u0442\u044c \u043d\u0430 \u0432\u0430\u0448\u0438 \u0432\u043e\u043f\u0440\u043e\u0441\u044b.<\/span><\/p>\n<\/div>\n                                  <\/div>\n                              <div class=\"faq-block__item\">\n                                      <div class=\"faq-block__question\">\u0415\u0441\u0442\u044c \u043b\u0438 \u0441\u043a\u0438\u0434\u043a\u0438 \u0434\u043b\u044f \u043b\u044e\u0434\u0435\u0439 \u0441 \u0438\u043d\u0432\u0430\u043b\u0438\u0434\u043d\u043e\u0441\u0442\u044c\u044e?<\/div>\n                                                        <div class=\"faq-block__answer\"><p><span data-sheets-root=\"1\">\u0414\u0430, \u043c\u044b \u043f\u0440\u0435\u0434\u043e\u0441\u0442\u0430\u0432\u043b\u044f\u0435\u043c \u0441\u043a\u0438\u0434\u043a\u0443 50% \u0434\u043b\u044f \u043b\u044e\u0434\u0435\u0439 \u0441 \u0438\u043d\u0432\u0430\u043b\u0438\u0434\u043d\u043e\u0441\u0442\u044c\u044e.<\/span><\/p>\n<\/div>\n                                  <\/div>\n                              <div class=\"faq-block__item\">\n                                      <div class=\"faq-block__question\">\u0421 \u043a\u0430\u043a\u043e\u0433\u043e \u0432\u043e\u0437\u0440\u0430\u0441\u0442\u0430 \u0434\u0435\u0442\u0438 \u043c\u043e\u0433\u0443\u0442 \u043f\u043e\u0441\u0435\u0449\u0430\u0442\u044c \u043c\u0443\u0437\u0435\u0439 \u0431\u0435\u0437 \u0441\u043e\u043f\u0440\u043e\u0432\u043e\u0436\u0434\u0435\u043d\u0438\u044f \u0432\u0437\u0440\u043e\u0441\u043b\u044b\u0445?<\/div>\n                                                        <div class=\"faq-block__answer\"><p><span data-sheets-root=\"1\">\u041f\u043e\u0441\u0435\u0442\u0438\u0442\u0435\u043b\u0438 \u0441\u0442\u0430\u0440\u0448\u0435 14 \u043b\u0435\u0442 \u043c\u043e\u0433\u0443\u0442 \u043f\u0440\u0438\u0445\u043e\u0434\u0438\u0442\u044c \u0441\u0430\u043c\u043e\u0441\u0442\u043e\u044f\u0442\u0435\u043b\u044c\u043d\u043e.<br \/>\n\u0414\u0435\u0442\u0438 \u0434\u043e 14 \u043b\u0435\u0442 \u0434\u043e\u043b\u0436\u043d\u044b \u0431\u044b\u0442\u044c \u0432 \u0441\u043e\u043f\u0440\u043e\u0432\u043e\u0436\u0434\u0435\u043d\u0438\u0438 \u0432\u0437\u0440\u043e\u0441\u043b\u044b\u0445.<\/span><\/p>\n<\/div>\n                                  <\/div>\n                          <\/div>\n                  <\/div>\n      <\/div>\n    <\/div>\n  <\/div>\n  <style><\/style>\n<\/section>\n","protected":false},"excerpt":{"rendered":"","protected":false},"author":1,"featured_media":0,"parent":0,"menu_order":0,"comment_status":"closed","ping_status":"closed","template":"","meta":{"_acf_changed":false,"inline_featured_image":false,"footnotes":""},"class_list":["post-17815","page","type-page","status-publish","hentry"],"acf":[],"yoast_head":"<!-- This site is optimized with the Yoast SEO plugin v27.0 - https:\/\/yoast.com\/product\/yoast-seo-wordpress\/ -->\n<title>FAQ | \u0418\u043d\u0444\u043e\u0440\u043c\u0430\u0446\u0438\u044f \u0434\u043b\u044f \u043f\u043e\u0441\u0435\u0442\u0438\u0442\u0435\u043b\u0435\u0439 \u2014 \u041c\u0443\u0437\u0435\u0439 \u0438\u043b\u043b\u044e\u0437\u0438\u0439<\/title>\n<meta name=\"description\" content=\"\u0417\u0434\u0435\u0441\u044c \u0432\u044b \u043d\u0430\u0439\u0434\u0451\u0442\u0435 \u0432\u0441\u044e \u043d\u0435\u043e\u0431\u0445\u043e\u0434\u0438\u043c\u0443\u044e \u0438\u043d\u0444\u043e\u0440\u043c\u0430\u0446\u0438\u044e \u043e \u043f\u043e\u0441\u0435\u0449\u0435\u043d\u0438\u0438 \u041c\u0443\u0437\u0435\u044f \u0438\u043b\u043b\u044e\u0437\u0438\u0439 \u0412\u0438\u043b\u044c\u043d\u044e\u0441\u0430 \u2014 \u043c\u0435\u0441\u0442\u043e\u043f\u043e\u043b\u043e\u0436\u0435\u043d\u0438\u0435, \u0447\u0430\u0441\u044b \u0440\u0430\u0431\u043e\u0442\u044b, \u0446\u0435\u043d\u044b \u043d\u0430 \u0431\u0438\u043b\u0435\u0442\u044b, \u044d\u043a\u0441\u043a\u0443\u0440\u0441\u0438\u0438 \u0441 \u0433\u0438\u0434\u043e\u043c, \u0434\u043e\u0441\u0442\u0443\u043f\u043d\u043e\u0441\u0442\u044c \u0438 \u043f\u0430\u0440\u043a\u043e\u0432\u043a\u0443.\" \/>\n<meta name=\"robots\" content=\"index, follow, max-snippet:-1, max-image-preview:large, max-video-preview:-1\" \/>\n<link rel=\"canonical\" href=\"https:\/\/vilnil.lt\/ru\/faq\/\" \/>\n<meta property=\"og:locale\" content=\"ru_RU\" \/>\n<meta property=\"og:type\" content=\"article\" \/>\n<meta property=\"og:title\" content=\"FAQ | \u0418\u043d\u0444\u043e\u0440\u043c\u0430\u0446\u0438\u044f \u0434\u043b\u044f \u043f\u043e\u0441\u0435\u0442\u0438\u0442\u0435\u043b\u0435\u0439 \u2014 \u041c\u0443\u0437\u0435\u0439 \u0438\u043b\u043b\u044e\u0437\u0438\u0439\" \/>\n<meta property=\"og:description\" content=\"\u0417\u0434\u0435\u0441\u044c \u0432\u044b \u043d\u0430\u0439\u0434\u0451\u0442\u0435 \u0432\u0441\u044e \u043d\u0435\u043e\u0431\u0445\u043e\u0434\u0438\u043c\u0443\u044e \u0438\u043d\u0444\u043e\u0440\u043c\u0430\u0446\u0438\u044e \u043e \u043f\u043e\u0441\u0435\u0449\u0435\u043d\u0438\u0438 \u041c\u0443\u0437\u0435\u044f \u0438\u043b\u043b\u044e\u0437\u0438\u0439 \u0412\u0438\u043b\u044c\u043d\u044e\u0441\u0430 \u2014 \u043c\u0435\u0441\u0442\u043e\u043f\u043e\u043b\u043e\u0436\u0435\u043d\u0438\u0435, \u0447\u0430\u0441\u044b \u0440\u0430\u0431\u043e\u0442\u044b, \u0446\u0435\u043d\u044b \u043d\u0430 \u0431\u0438\u043b\u0435\u0442\u044b, \u044d\u043a\u0441\u043a\u0443\u0440\u0441\u0438\u0438 \u0441 \u0433\u0438\u0434\u043e\u043c, \u0434\u043e\u0441\u0442\u0443\u043f\u043d\u043e\u0441\u0442\u044c \u0438 \u043f\u0430\u0440\u043a\u043e\u0432\u043a\u0443.\" \/>\n<meta property=\"og:url\" content=\"https:\/\/vilnil.lt\/ru\/faq\/\" \/>\n<meta property=\"og:site_name\" content=\"VILNIL \u2014 Iliuzij\u0173 muziejus, Vilnius\" \/>\n<meta property=\"article:modified_time\" content=\"2026-02-09T14:13:20+00:00\" \/>\n<meta name=\"twitter:card\" content=\"summary_large_image\" \/>\n<script type=\"application\/ld+json\" class=\"yoast-schema-graph\">{\"@context\":\"https:\/\/schema.org\",\"@graph\":[{\"@type\":\"WebPage\",\"@id\":\"https:\/\/vilnil.lt\/ru\/faq\/\",\"url\":\"https:\/\/vilnil.lt\/ru\/faq\/\",\"name\":\"FAQ | \u0418\u043d\u0444\u043e\u0440\u043c\u0430\u0446\u0438\u044f \u0434\u043b\u044f \u043f\u043e\u0441\u0435\u0442\u0438\u0442\u0435\u043b\u0435\u0439 \u2014 \u041c\u0443\u0437\u0435\u0439 \u0438\u043b\u043b\u044e\u0437\u0438\u0439\",\"isPartOf\":{\"@id\":\"https:\/\/vilnil.lt\/ru\/#website\"},\"datePublished\":\"2025-05-27T06:49:48+00:00\",\"dateModified\":\"2026-02-09T14:13:20+00:00\",\"description\":\"\u0417\u0434\u0435\u0441\u044c \u0432\u044b \u043d\u0430\u0439\u0434\u0451\u0442\u0435 \u0432\u0441\u044e \u043d\u0435\u043e\u0431\u0445\u043e\u0434\u0438\u043c\u0443\u044e \u0438\u043d\u0444\u043e\u0440\u043c\u0430\u0446\u0438\u044e \u043e \u043f\u043e\u0441\u0435\u0449\u0435\u043d\u0438\u0438 \u041c\u0443\u0437\u0435\u044f \u0438\u043b\u043b\u044e\u0437\u0438\u0439 \u0412\u0438\u043b\u044c\u043d\u044e\u0441\u0430 \u2014 \u043c\u0435\u0441\u0442\u043e\u043f\u043e\u043b\u043e\u0436\u0435\u043d\u0438\u0435, \u0447\u0430\u0441\u044b \u0440\u0430\u0431\u043e\u0442\u044b, \u0446\u0435\u043d\u044b \u043d\u0430 \u0431\u0438\u043b\u0435\u0442\u044b, \u044d\u043a\u0441\u043a\u0443\u0440\u0441\u0438\u0438 \u0441 \u0433\u0438\u0434\u043e\u043c, \u0434\u043e\u0441\u0442\u0443\u043f\u043d\u043e\u0441\u0442\u044c \u0438 \u043f\u0430\u0440\u043a\u043e\u0432\u043a\u0443.\",\"breadcrumb\":{\"@id\":\"https:\/\/vilnil.lt\/ru\/faq\/#breadcrumb\"},\"inLanguage\":\"ru-RU\",\"potentialAction\":[{\"@type\":\"ReadAction\",\"target\":[\"https:\/\/vilnil.lt\/ru\/faq\/\"]}]},{\"@type\":\"BreadcrumbList\",\"@id\":\"https:\/\/vilnil.lt\/ru\/faq\/#breadcrumb\",\"itemListElement\":[{\"@type\":\"ListItem\",\"position\":1,\"name\":\"Home\",\"item\":\"https:\/\/vilnil.lt\/ru\/\"},{\"@type\":\"ListItem\",\"position\":2,\"name\":\"FAQ\"}]},{\"@type\":\"WebSite\",\"@id\":\"https:\/\/vilnil.lt\/ru\/#website\",\"url\":\"https:\/\/vilnil.lt\/ru\/\",\"name\":\"VILNIL \u2014 Iliuzij\u0173 muziejus, Vilnius\",\"description\":\"Viliojantis. Paslaptingas. Nepaprastai stebinantis. Sveiki atvyk\u0119 \u012f istorin\u0119 erdv\u0119, kupin\u0105 jaudinan\u010di\u0173 iliuzij\u0173, puikios atmosferos ir besi\u0161ypsan\u010di\u0173 muziejaus darbuotoj\u0173.\",\"potentialAction\":[{\"@type\":\"SearchAction\",\"target\":{\"@type\":\"EntryPoint\",\"urlTemplate\":\"https:\/\/vilnil.lt\/ru\/?s={search_term_string}\"},\"query-input\":{\"@type\":\"PropertyValueSpecification\",\"valueRequired\":true,\"valueName\":\"search_term_string\"}}],\"inLanguage\":\"ru-RU\"}]}<\/script>\n<!-- \/ Yoast SEO plugin. -->","yoast_head_json":{"title":"FAQ | \u0418\u043d\u0444\u043e\u0440\u043c\u0430\u0446\u0438\u044f \u0434\u043b\u044f \u043f\u043e\u0441\u0435\u0442\u0438\u0442\u0435\u043b\u0435\u0439 \u2014 \u041c\u0443\u0437\u0435\u0439 \u0438\u043b\u043b\u044e\u0437\u0438\u0439","description":"\u0417\u0434\u0435\u0441\u044c \u0432\u044b \u043d\u0430\u0439\u0434\u0451\u0442\u0435 \u0432\u0441\u044e \u043d\u0435\u043e\u0431\u0445\u043e\u0434\u0438\u043c\u0443\u044e \u0438\u043d\u0444\u043e\u0440\u043c\u0430\u0446\u0438\u044e \u043e \u043f\u043e\u0441\u0435\u0449\u0435\u043d\u0438\u0438 \u041c\u0443\u0437\u0435\u044f \u0438\u043b\u043b\u044e\u0437\u0438\u0439 \u0412\u0438\u043b\u044c\u043d\u044e\u0441\u0430 \u2014 \u043c\u0435\u0441\u0442\u043e\u043f\u043e\u043b\u043e\u0436\u0435\u043d\u0438\u0435, \u0447\u0430\u0441\u044b \u0440\u0430\u0431\u043e\u0442\u044b, \u0446\u0435\u043d\u044b \u043d\u0430 \u0431\u0438\u043b\u0435\u0442\u044b, \u044d\u043a\u0441\u043a\u0443\u0440\u0441\u0438\u0438 \u0441 \u0433\u0438\u0434\u043e\u043c, \u0434\u043e\u0441\u0442\u0443\u043f\u043d\u043e\u0441\u0442\u044c \u0438 \u043f\u0430\u0440\u043a\u043e\u0432\u043a\u0443.","robots":{"index":"index","follow":"follow","max-snippet":"max-snippet:-1","max-image-preview":"max-image-preview:large","max-video-preview":"max-video-preview:-1"},"canonical":"https:\/\/vilnil.lt\/ru\/faq\/","og_locale":"ru_RU","og_type":"article","og_title":"FAQ | \u0418\u043d\u0444\u043e\u0440\u043c\u0430\u0446\u0438\u044f \u0434\u043b\u044f \u043f\u043e\u0441\u0435\u0442\u0438\u0442\u0435\u043b\u0435\u0439 \u2014 \u041c\u0443\u0437\u0435\u0439 \u0438\u043b\u043b\u044e\u0437\u0438\u0439","og_description":"\u0417\u0434\u0435\u0441\u044c \u0432\u044b \u043d\u0430\u0439\u0434\u0451\u0442\u0435 \u0432\u0441\u044e \u043d\u0435\u043e\u0431\u0445\u043e\u0434\u0438\u043c\u0443\u044e \u0438\u043d\u0444\u043e\u0440\u043c\u0430\u0446\u0438\u044e \u043e \u043f\u043e\u0441\u0435\u0449\u0435\u043d\u0438\u0438 \u041c\u0443\u0437\u0435\u044f \u0438\u043b\u043b\u044e\u0437\u0438\u0439 \u0412\u0438\u043b\u044c\u043d\u044e\u0441\u0430 \u2014 \u043c\u0435\u0441\u0442\u043e\u043f\u043e\u043b\u043e\u0436\u0435\u043d\u0438\u0435, \u0447\u0430\u0441\u044b \u0440\u0430\u0431\u043e\u0442\u044b, \u0446\u0435\u043d\u044b \u043d\u0430 \u0431\u0438\u043b\u0435\u0442\u044b, \u044d\u043a\u0441\u043a\u0443\u0440\u0441\u0438\u0438 \u0441 \u0433\u0438\u0434\u043e\u043c, \u0434\u043e\u0441\u0442\u0443\u043f\u043d\u043e\u0441\u0442\u044c \u0438 \u043f\u0430\u0440\u043a\u043e\u0432\u043a\u0443.","og_url":"https:\/\/vilnil.lt\/ru\/faq\/","og_site_name":"VILNIL \u2014 Iliuzij\u0173 muziejus, Vilnius","article_modified_time":"2026-02-09T14:13:20+00:00","twitter_card":"summary_large_image","schema":{"@context":"https:\/\/schema.org","@graph":[{"@type":"WebPage","@id":"https:\/\/vilnil.lt\/ru\/faq\/","url":"https:\/\/vilnil.lt\/ru\/faq\/","name":"FAQ | \u0418\u043d\u0444\u043e\u0440\u043c\u0430\u0446\u0438\u044f \u0434\u043b\u044f \u043f\u043e\u0441\u0435\u0442\u0438\u0442\u0435\u043b\u0435\u0439 \u2014 \u041c\u0443\u0437\u0435\u0439 \u0438\u043b\u043b\u044e\u0437\u0438\u0439","isPartOf":{"@id":"https:\/\/vilnil.lt\/ru\/#website"},"datePublished":"2025-05-27T06:49:48+00:00","dateModified":"2026-02-09T14:13:20+00:00","description":"\u0417\u0434\u0435\u0441\u044c \u0432\u044b \u043d\u0430\u0439\u0434\u0451\u0442\u0435 \u0432\u0441\u044e \u043d\u0435\u043e\u0431\u0445\u043e\u0434\u0438\u043c\u0443\u044e \u0438\u043d\u0444\u043e\u0440\u043c\u0430\u0446\u0438\u044e \u043e \u043f\u043e\u0441\u0435\u0449\u0435\u043d\u0438\u0438 \u041c\u0443\u0437\u0435\u044f \u0438\u043b\u043b\u044e\u0437\u0438\u0439 \u0412\u0438\u043b\u044c\u043d\u044e\u0441\u0430 \u2014 \u043c\u0435\u0441\u0442\u043e\u043f\u043e\u043b\u043e\u0436\u0435\u043d\u0438\u0435, \u0447\u0430\u0441\u044b \u0440\u0430\u0431\u043e\u0442\u044b, \u0446\u0435\u043d\u044b \u043d\u0430 \u0431\u0438\u043b\u0435\u0442\u044b, \u044d\u043a\u0441\u043a\u0443\u0440\u0441\u0438\u0438 \u0441 \u0433\u0438\u0434\u043e\u043c, \u0434\u043e\u0441\u0442\u0443\u043f\u043d\u043e\u0441\u0442\u044c \u0438 \u043f\u0430\u0440\u043a\u043e\u0432\u043a\u0443.","breadcrumb":{"@id":"https:\/\/vilnil.lt\/ru\/faq\/#breadcrumb"},"inLanguage":"ru-RU","potentialAction":[{"@type":"ReadAction","target":["https:\/\/vilnil.lt\/ru\/faq\/"]}]},{"@type":"BreadcrumbList","@id":"https:\/\/vilnil.lt\/ru\/faq\/#breadcrumb","itemListElement":[{"@type":"ListItem","position":1,"name":"Home","item":"https:\/\/vilnil.lt\/ru\/"},{"@type":"ListItem","position":2,"name":"FAQ"}]},{"@type":"WebSite","@id":"https:\/\/vilnil.lt\/ru\/#website","url":"https:\/\/vilnil.lt\/ru\/","name":"VILNIL \u2014 Iliuzij\u0173 muziejus, Vilnius","description":"Viliojantis. Paslaptingas. Nepaprastai stebinantis. Sveiki atvyk\u0119 \u012f istorin\u0119 erdv\u0119, kupin\u0105 jaudinan\u010di\u0173 iliuzij\u0173, puikios atmosferos ir besi\u0161ypsan\u010di\u0173 muziejaus darbuotoj\u0173.","potentialAction":[{"@type":"SearchAction","target":{"@type":"EntryPoint","urlTemplate":"https:\/\/vilnil.lt\/ru\/?s={search_term_string}"},"query-input":{"@type":"PropertyValueSpecification","valueRequired":true,"valueName":"search_term_string"}}],"inLanguage":"ru-RU"}]}},"_links":{"self":[{"href":"https:\/\/vilnil.lt\/ru\/wp-json\/wp\/v2\/pages\/17815","targetHints":{"allow":["GET"]}}],"collection":[{"href":"https:\/\/vilnil.lt\/ru\/wp-json\/wp\/v2\/pages"}],"about":[{"href":"https:\/\/vilnil.lt\/ru\/wp-json\/wp\/v2\/types\/page"}],"author":[{"embeddable":true,"href":"https:\/\/vilnil.lt\/ru\/wp-json\/wp\/v2\/users\/1"}],"replies":[{"embeddable":true,"href":"https:\/\/vilnil.lt\/ru\/wp-json\/wp\/v2\/comments?post=17815"}],"version-history":[{"count":1,"href":"https:\/\/vilnil.lt\/ru\/wp-json\/wp\/v2\/pages\/17815\/revisions"}],"predecessor-version":[{"id":17819,"href":"https:\/\/vilnil.lt\/ru\/wp-json\/wp\/v2\/pages\/17815\/revisions\/17819"}],"wp:attachment":[{"href":"https:\/\/vilnil.lt\/ru\/wp-json\/wp\/v2\/media?parent=17815"}],"curies":[{"name":"wp","href":"https:\/\/api.w.org\/{rel}","templated":true}]}}